{"id":3246,"date":"2023-09-25T19:50:53","date_gmt":"2023-09-25T17:50:53","guid":{"rendered":"https:\/\/www.kreischberg.at\/allgemeine-tarifbestimmungen\/"},"modified":"2023-12-28T16:06:20","modified_gmt":"2023-12-28T15:06:20","slug":"viteldijra-vonatkozo-altalanos-rendelkezesek","status":"publish","type":"page","link":"https:\/\/www.kreischberg.at\/hu\/viteldijra-vonatkozo-altalanos-rendelkezesek\/","title":{"rendered":"Viteld\u00edjra vonatkoz\u00f3 \u00e1ltal\u00e1nos rendelkez\u00e9sek"},"content":{"rendered":"<div class=\"acf-fc-column acf-fc-column-1\">\n<h1><strong>Viteld\u00edjra vonatkoz\u00f3 \u00e1ltal\u00e1nos rendelkez\u00e9sek<\/strong><\/h1>\n<p><strong>\u00c1ltal\u00e1nos tarifa-\/dr\u00f3tk\u00f6t\u00e9lp\u00e1lya-\/s\u00edfelvon\u00f3 \u00e9s s\u00edp\u00e1lya haszn\u00e1lati szab\u00e1lyok <\/strong><strong style=\"text-indent: -1em; font-size: 1rem;\">Murtal Seilbahnen Betriebs GmbH<\/strong><\/p>\n<ol>\n<li>Az \u00e1ltal\u00e1nos tarifa-\/dr\u00f3tk\u00f6t\u00e9lp\u00e1lya-\/s\u00edfelvon\u00f3 \u00e9s s\u00edp\u00e1lya haszn\u00e1lati szab\u00e1lyok, a k\u00f6zz\u00e9tett \u00e1rt\u00e1bl\u00e1zatok \u00e9s a v\u00f6lgy\u00e1llom\u00e1s ter\u00fclet\u00e9n kif\u00fcggesztett, hat\u00f3s\u00e1gilag j\u00f3v\u00e1hagyott sz\u00e1ll\u00edt\u00e1si felt\u00e9telek a felvon\u00f3t\u00e1rsas\u00e1g \u00e9s az \u00fcgyf\u00e9l k\u00f6z\u00f6tti szerz\u0151d\u00e9ses jogviszony r\u00e9sz\u00e9t k\u00e9pezik. A s\u00edb\u00e9rlet megv\u00e1s\u00e1rl\u00e1s\u00e1val az \u00fcgyf\u00e9l tudom\u00e1sul veszi ezeket a felt\u00e9teleket \u00e9s k\u00f6telezetts\u00e9get v\u00e1llal azok betart\u00e1s\u00e1ra.<\/li>\n<li>Mindenkinek, aki ig\u00e9nybe veszi a dr\u00f3tk\u00f6t\u00e9lp\u00e1ly\u00e1t, a felvon\u00f3kat \u00e9s s\u00edp\u00e1ly\u00e1kat &#8211; bele\u00e9rtve az \u00f6sszes kapcsol\u00f3d\u00f3 felk\u00edn\u00e1lt l\u00e9tes\u00edtm\u00e9nyt \u00e9s berendez\u00e9st -, \u00e9rv\u00e9nyes s\u00edb\u00e9rletet kell v\u00e1s\u00e1rolnia.<\/li>\n<li>a) A n\u00e9vre sz\u00f3l\u00f3 b\u00e9rlet megv\u00e1s\u00e1rl\u00e1s\u00e1val az \u00fcgyf\u00e9l hozz\u00e1j\u00e1rul szem\u00e9lyes adatainak automatikus regisztr\u00e1ci\u00f3j\u00e1hoz. Az \u00fcgyf\u00e9l beleegyezik abba, hogy ezeket az adatokat az elektronikus adatfeldolgoz\u00e1s szab\u00e1lyai szerint ellen\u0151rz\u00e9si c\u00e9lb\u00f3l r\u00f6gz\u00edtik \u00e9s feldolgozz\u00e1k, hogy ezzel megakad\u00e1lyozz\u00e1k a k\u00e1rty\u00e1kkal val\u00f3 vissza\u00e9l\u00e9st, valamint, hogy felhaszn\u00e1lhat\u00f3ak legyenek \u00fcgyf\u00e9lszolg\u00e1lati c\u00e9lokra is.<br \/>\nb) A s\u00edb\u00e9rlet megv\u00e1s\u00e1rl\u00e1s\u00e1val\/megszerz\u00e9s\u00e9vel az \u00fcgyf\u00e9l beleegyezik abba, hogy a jegykiad\u00f3 \u00e9s bel\u00e9p\u00e9si pontokon szem\u00e9lyes f\u00e9nyk\u00e9pes r\u00f6gz\u00edt\u00e9st, t\u00e1rol\u00e1st \u00e9s feldolgoz\u00e1st v\u00e9gezzenek ellen\u0151rz\u00e9si c\u00e9lb\u00f3l a k\u00e1rty\u00e1val val\u00f3 vissza\u00e9l\u00e9sek elker\u00fcl\u00e9se \u00e9rdek\u00e9ben. Ez esetben ezek az adatok a s\u00edb\u00e9rlet \u00e9rv\u00e9nyess\u00e9gi idej\u00e9nek v\u00e9g\u00e9n t\u00f6rl\u00e9sre ker\u00fclnek, amennyiben a k\u00e1rty\u00e1t a szerz\u0151d\u00e9snek megfelel\u0151en haszn\u00e1lj\u00e1k. Azoknak az \u00fcgyfeleknek, akik nem k\u00edv\u00e1nj\u00e1k, hogy f\u00e9nyk\u00e9pfelv\u00e9tel k\u00e9sz\u00fclj\u00f6n r\u00f3luk, ezt a sz\u00e1nd\u00e9kukat saj\u00e1t kezdem\u00e9nyez\u00e9s\u00fckre kell jelezni\u00fck, ebben az esetben az adott \u00fcgyf\u00e9l s\u00edb\u00e9rletet kap, amely kiz\u00e1rja a f\u00e9nyk\u00e9pfelv\u00e9telt. Azoknak az \u00fcgyfelek, akik a s\u00edb\u00e9rlet f\u00e9nyk\u00e9pr\u0151gz\u00edt\u00e9s n\u00e9lk\u00fcli v\u00e1ltozat\u00e1t v\u00e1lasztj\u00e1k, k\u00e9s\u00e9sekre kell sz\u00e1m\u00edtaniuk a s\u00edb\u00e9rletek ki\u00e1ll\u00edt\u00e1sakor, valamint a dr\u00f3tk\u00f6t\u00e9lp\u00e1ly\u00e1k\/s\u00edfelvon\u00f3k jegykiad\u00f3 \u00e9s bel\u00e9p\u00e9si pontjain v\u00e9gzett rendszeres anal\u00f3g ellen\u0151rz\u00e9sek sor\u00e1n.<\/li>\n<li>A s\u00edb\u00e9rletek nem ruh\u00e1zhat\u00f3k \u00e1t \u00e9s elektronikus adathordoz\u00f3n ker\u00fclnek kiad\u00e1sra. A p\u00e9nzt\u00e1rg\u00e9pekn\u00e9l kibocs\u00e1tott elektronikus adathordoz\u00f3k (KeyCard) eset\u00e9ben 3,- EURO kulcsk\u00e1rtya let\u00e9tet kell fizetni. A p\u00e9nzt\u00e1rg\u00e9pekn\u00e9l befizetett KeyCard let\u00e9t teljes eg\u00e9sz\u00e9ben visszat\u00e9r\u00edt\u00e9sre ker\u00fcl a m\u0171k\u00f6d\u0151k\u00e9pes \u00e9s mechanikailag s\u00e9rtetlen adathordoz\u00f3 visszaszolg\u00e1ltat\u00e1sakor.<\/li>\n<li>Minden kulcsk\u00e1rty\u00e1t automatikusan ellen\u0151riznek az elektronikus ellen\u0151rz\u0151rendszerrel felszerelt hozz\u00e1f\u00e9r\u00e9si bel\u00e9p\u00e9si pontokon.<\/li>\n<li>A s\u00edb\u00e9rleteket be kell mutatni az illet\u00e9kes ellen\u0151rz\u0151 szervnek szemrev\u00e9telez\u00e9ses ellen\u0151rz\u00e9s c\u00e9lj\u00e1b\u00f3l a s\u00edter\u00fclet eg\u00e9sz ter\u00fclet\u00e9n v\u00e9gzett sz\u00far\u00f3pr\u00f3baszer\u0171 ellen\u0151rz\u00e9sek sor\u00e1n. Az ellen\u0151rz\u0151 szervek jogosultak a vissza\u00e9l\u00e9sszer\u0171en haszn\u00e1lt s\u00edb\u00e9rletek bevon\u00e1s\u00e1ra.<\/li>\n<li>Aki \u00e9rv\u00e9nyes s\u00edb\u00e9rlet n\u00e9lk\u00fcl vesz ig\u00e9nybe dr\u00f3tk\u00f6t\u00e9lp\u00e1ly\u00e1kkal \u00e9s\/vagy a felvon\u00f3kkal, valamint s\u00edp\u00e1ly\u00e1kkal kapcsolatos sz\u00e1ll\u00edt\u00e1si szolg\u00e1ltat\u00e1st, az osztr\u00e1k jog szerint b\u00fcntet\u0151elj\u00e1r\u00e1s al\u00e1 vonhat\u00f3. A jogs\u00e9rt\u00e9seket minimum 50,- EURO p\u00e9nzb\u00edrs\u00e1ggal b\u00fcntetik (szerz\u0151d\u00e9sben foglalt b\u00fcntet\u00e9s), valamint a napijegy \u00e9rt\u00e9k\u00e9nek teljes \u00e1ron t\u00f6rt\u00e9n\u0151 kifizet\u00e9s\u00e9vel vagy az \u00fcgy\u00e9szs\u00e9gn\u00e9l b\u00fcntet\u0151elj\u00e1r\u00e1s c\u00e9lj\u00e1b\u00f3l tett feljelent\u00e9ssel.<\/li>\n<li>A s\u00edb\u00e9rletekkel val\u00f3 vissza\u00e9l\u00e9s, mint p\u00e9ld\u00e1ul annak megengedhetetlen tov\u00e1bbad\u00e1sa a jogosults\u00e1g p\u00f3tl\u00e1s n\u00e9lk\u00fcli visszavon\u00e1s\u00e1t \u00e9s a sz\u00e1ll\u00edt\u00e1sb\u00f3l, illetve a s\u00edter\u00fcletr\u0151l val\u00f3 kiz\u00e1r\u00e1st eredm\u00e9nyezi. A vissza\u00e9l\u00e9st napt\u00e1ri naponk\u00e9nt 50.- EURO p\u00e9nzb\u00edrs\u00e1ggal b\u00fcntetik (szerz\u0151d\u00e9sben foglalt b\u00fcntet\u00e9s), valamint a napijegy \u00e9rt\u00e9k\u00e9nek teljes \u00e1ron t\u00f6rt\u00e9n\u0151 kifizet\u00e9s\u00e9vel vagy az \u00fcgy\u00e9szs\u00e9gn\u00e9l b\u00fcntet\u0151elj\u00e1r\u00e1s c\u00e9lj\u00e1b\u00f3l tett feljelent\u00e9ssel. M\u00e1r a s\u00edb\u00e9rlet m\u00e1sik vend\u00e9gre t\u00f6rt\u00e9n\u0151 \u00e1truh\u00e1z\u00e1s\u00e1nak k\u00eds\u00e9rlete is vissza\u00e9l\u00e9snek min\u0151s\u00fcl.<\/li>\n<li>Olyan szem\u00e9lyek s\u00e9r\u00fcl\u00e9seire vagy egy\u00e9b felmer\u00fcl\u0151 k\u00e1raira, akik \u00e9rv\u00e9nyes s\u00edb\u00e9rlet n\u00e9lk\u00fcl tart\u00f3zkodnak a s\u00edter\u00fcleten, nem vonatkozik aszerz\u0151d\u00e9s szerinti helyt\u00e1ll\u00e1s felel\u0151ss\u00e9ge.<\/li>\n<li>Az \u00fcgyfelek biztons\u00e1ga \u00e9rdek\u00e9ben a felvon\u00f3t\u00e1rsas\u00e1g fenntartja mag\u00e1nak a jogot, hogy az id\u0151j\u00e1r\u00e1si vagy \u00fczemeltet\u00e9si k\u00f6r\u00fclm\u00e9nyek miatt korl\u00e1tozza az \u00e9rt\u00e9kes\u00edt\u00e9st \u00e9s\/vagy a sz\u00e1ll\u00edt\u00e1st. Az \u00fcgyf\u00e9l nem jogosult s\u00edb\u00e9rlet\u00e9nek cser\u00e9j\u00e9re annak elveszt\u00e9se, ellop\u00e1sa vagy elfelejtett s\u00edb\u00e9rlete eset\u00e9n. Amennyiben a k\u00f6t\u00e9lp\u00e1lya\/felvon\u00f3k \u00e1ltal t\u00f6rt\u00e9n\u0151 sz\u00e1ll\u00edt\u00e1s a felvon\u00f3 t\u00e1rsas\u00e1gnak felr\u00f3hat\u00f3 okokb\u00f3l nem lehets\u00e9ges, a viteld\u00edj egyszeri utaz\u00e1si enged\u00e9lyek eset\u00e9n teljes eg\u00e9sz\u00e9ben, t\u00f6bbnapos s\u00edb\u00e9rletek eset\u00e9n pedig r\u00e9szlegesen visszat\u00e9r\u00edt\u00e9sre ker\u00fcl, figyelembe v\u00e9ve a m\u00e9g fel nem haszn\u00e1lt \u00fczemnapok sz\u00e1m\u00e1t. G\u00e9p\u00e9szeti berendez\u00e9sek meghib\u00e1sod\u00e1sa, \u00e1ramkimarad\u00e1s \u00e9s hasonl\u00f3 helyzetek vis maiornak min\u0151s\u00fclnek, \u00e9s nem jogos\u00edtj\u00e1k fel az \u00fcgyfelet a kifizetett tarifa visszat\u00e9r\u00edt\u00e9s\u00e9re.<\/li>\n<li>Minden s\u00edb\u00e9rlet csak a felvon\u00f3 t\u00e1rsas\u00e1g \u00f6n\u00e1ll\u00f3 d\u00f6nt\u00e9se alapj\u00e1n \u00fczemben l\u00e9v\u0151 dr\u00f3tk\u00f6t\u00e9lp\u00e1lya-\/s\u00edfelvon\u00f3 \u00e9s s\u00edp\u00e1lya haszn\u00e1lat\u00e1ra jogos\u00edtja fel tulajdonos\u00e1t. Ebb\u0151l kifoly\u00f3lag egyetlen \u00fcgyf\u00e9l sz\u00e1m\u00e1ra sem \u00e1ll rendelkez\u00e9sre az \u00f6sszes dr\u00f3tk\u00f6t\u00e9lp\u00e1lya\/s\u00edfelvon\u00f3 \u00e9s s\u00edp\u00e1lya, mivel az azokhoz val\u00f3 hozz\u00e1f\u00e9r\u00e9st k\u00fcl\u00f6n\u00f6sen a meteorol\u00f3giai, m\u0171szaki \u00e9s \u00fczemeltet\u00e9si k\u00f6r\u00fclm\u00e9nyek hat\u00e1rozz\u00e1k meg. K\u00f6vetkez\u00e9sk\u00e9ppen az \u00fcgyf\u00e9l al\u00e1veti mag\u00e1t a felvon\u00f3t\u00e1rsas\u00e1g \u00e1ltal az \u00fcgyfelek biztons\u00e1ga \u00e9rdek\u00e9ben el\u0151\u00edrt r\u00e9szleges korl\u00e1toz\u00e1soknak. A s\u00edb\u00e9rlet \u00e1r\u00e1nak visszat\u00e9r\u00edt\u00e9se csak a s\u00edter\u00fcleten bek\u00f6vetkezett sports\u00e9r\u00fcl\u00e9s eset\u00e9n k\u00e9rhet\u0151, a helyi orvos\/k\u00f3rh\u00e1z orvosi igazol\u00e1s\u00e1nak bemutat\u00e1s\u00e1val \u00e9s a s\u00edb\u00e9rletnek a jegyp\u00e9nzt\u00e1rak egyik\u00e9ben t\u00f6rt\u00e9n\u0151 azonnali let\u00e9tbe helyez\u00e9s\u00e9vel. A felvon\u00f3t\u00e1rsas\u00e1g \u00f6n\u00e1ll\u00f3an d\u00f6nt az ilyen k\u00e9relmekr\u0151l, \u00edgy az \u00fcgyf\u00e9l jogi \u00faton nem nem k\u00f6vetelheti a s\u00edb\u00e9rlet \u00e1r\u00e1nak visszat\u00e9r\u00edt\u00e9s\u00e9t. A visszat\u00e9r\u00edt\u00e9s ar\u00e1nya minden k\u00e9ts\u00e9get kiz\u00e1r\u00f3an csak a s\u00edb\u00e9rlet v\u00e1s\u00e1rl\u00e1si \u00e9rt\u00e9k\u00e9n \u00e9s haszn\u00e1lat\u00e1nak id\u0151tartam\u00e1n alapulhat. Semmilyen esetben nem j\u00e1r azonban visszat\u00e9r\u00edt\u00e9s a legfeljebb egy napig \u00e9rv\u00e9nyes s\u00edb\u00e9rletek ut\u00e1n.<\/li>\n<li>A jogalkot\u00f3 vagy valamely hat\u00f3s\u00e1g \u00e1ltal elrendelt \u00fczembez\u00e1r\u00e1s eset\u00e9n (pl. j\u00e1rv\u00e1ny miatt) minden \u00fcgyf\u00e9l jogosult a s\u00edb\u00e9rlet \u00e1r\u00e1nak a felvon\u00f3 t\u00e1rsas\u00e1g \u00e1ltali visszat\u00e9r\u00edt\u00e9s\u00e9re az al\u00e1bbi felt\u00e9telekkel: napi s\u00edb\u00e9rlet vagy \u00f3r\u00e1nk\u00e9nti s\u00edb\u00e9rlet eset\u00e9n az \u00e1rat csak akkor t\u00e9r\u00edtj\u00fck vissza, ha az \u00fczem bez\u00e1r\u00e1s\u00e1t a s\u00edb\u00e9rlet \u00e9rv\u00e9nyess\u00e9g\u00e9nek kezdete el\u0151tt rendelik el, \u00e9s \u00edgy a s\u00edb\u00e9rletet nem lehet ig\u00e9nybe venni legal\u00e1bb egy hegymenetre. T\u00f6bbnapos s\u00edb\u00e9rletek eset\u00e9n egy p\u00e9ld\u00e1n szeml\u00e9ltetve a k\u00f6vetkez\u0151 elj\u00e1r\u00e1st k\u00f6vetj\u00fck: 5 napos s\u00edb\u00e9rlet, amelyet az \u00fcgyf\u00e9l 3 napig fel tudott haszn\u00e1lni &#8211; az 5 napos s\u00edb\u00e9rlet \u00e9s a 3 napos s\u00edb\u00e9rlet k\u00f6z\u00f6tti \u00e1rk\u00fcl\u00f6nbs\u00e9get visszat\u00e9r\u00edtj\u00fck.<br \/>\n<span style=\"font-size: 1rem;\">A szezonb\u00e9rletek eset\u00e9ben egyr\u00e9szt az \u00fczemnapok, m\u00e1sr\u00e9szt az \u00fczembez\u00e1r\u00e1sok miatt kiesett napok ar\u00e1ny\u00e1t az adott szezon \u00f6sszes m\u0171k\u00f6d\u00e9si napja alapj\u00e1n sz\u00e1m\u00edtjuk ki. Ebben az ar\u00e1nyban t\u00e9r\u00edtj\u00fck vissza a befizetett s\u00edb\u00e9rlet \u00e1r\u00e1t.<\/span><\/li>\n<li>A gyermekek, mint \u00fcgyfelek 125 cm testmagass\u00e1gig csak fel\u00fcgyel\u0151 szem\u00e9ly k\u00eds\u00e9ret\u00e9ben vehetik ig\u00e9nybe a libeg\u0151ket \u00e9s a h\u00faz\u00f3lifteket, kiv\u00e9ve, ha a l\u00e9tes\u00edtm\u00e9nyspecifikus hat\u00f3s\u00e1gi sz\u00e1ll\u00edt\u00e1si felt\u00e9telek m\u00e1sk\u00e9nt rendelkeznek. Azok az \u00fcgyfelek, akik bet\u00f6lt\u00f6tt\u00e9k a 15. \u00e9let\u00e9v\u00fcket, \u00e9s a h\u00faz\u00f3lift haszn\u00e1lat\u00e1ban biztos, felel\u0151ss\u00e9gteljes j\u00e1ratoss\u00e1ggal rendelkeznek, jogosultak gyermekeket \u2013 testmagass\u00e1gukt\u00f3l f\u00fcggetlen\u00fcl \u2013 maguk el\u0151tt tolni. Tilos a h\u00faz\u00f3liftekkel kisgyermek(ek)et k\u00e9zben tartva vagy k\u00e9zzel a saj\u00e1t testhez szor\u00edtva sz\u00e1ll\u00edtani. Minden m\u00e1s tekintetben az adott l\u00e9tes\u00edtm\u00e9ny sz\u00e1ll\u00edt\u00e1si felt\u00e9telei \u00e9rv\u00e9nyesek.<\/li>\n<li>A gyalogosok k\u00fcl\u00f6n jegyei csak t\u00e9li sporteszk\u00f6z\u00f6k n\u00e9lk\u00fcli sz\u00e1ll\u00edt\u00e1sra \u00e9rv\u00e9nyesek. A gyalogosok nem l\u00e9phetnek be a lesikl\u00f3p\u00e1ly\u00e1kra. A lesikl\u00f3p\u00e1ly\u00e1kon tilos sz\u00e1nk\u00f3zni.<\/li>\n<li>\u00c1rkedvezm\u00e9ny azon \u00fcgyfelek sz\u00e1m\u00e1ra \u00e9rhet\u0151 el, akik bizony\u00edtottan legal\u00e1bb 70%-os fogyat\u00e9koss\u00e1gb\u00f3l ad\u00f3d\u00f3 cs\u00f6kkentett keres\u0151k\u00e9pess\u00e9ggel rendelkeznek (ez al\u00f3l kiv\u00e9tel a m\u00e1r cs\u00f6kkentett \u00e1rkedvezm\u00e9ny).<\/li>\n<li>A Nemzetk\u00f6zi S\u00edsz\u00f6vets\u00e9g (FIS) magatart\u00e1si szab\u00e1lyai teljesk\u00f6r\u0171en \u00e9rv\u00e9nyesek. A m\u00e1sok \u00e9rdekeit figyelmen k\u00edv\u00fcl hagy\u00f3 magatart\u00e1s, valamint a jelen magatart\u00e1si szab\u00e1lyoknak vagy az \u00e1ltal\u00e1nos viteld\u00edjszab\u00e1lyoknak \u00e9s sz\u00e1ll\u00edt\u00e1si felt\u00e9teleknek a s\u00falyos megs\u00e9rt\u00e9se feljogos\u00edtja a felvon\u00f3t\u00e1rsas\u00e1got arra, hogy k\u00e1rt\u00e9r\u00edt\u00e9s n\u00e9lk\u00fcl visszavonja a jogosults\u00e1got, tov\u00e1bb\u00e1 b\u00fcntet\u0151jogi k\u00f6vetkezm\u00e9nyeket vonhat maga ut\u00e1n.<\/li>\n<li>A s\u00edter\u00fcleten t\u00f6rt\u00e9nt baleseteket k\u00f6vet\u0151 ment\u00e9s\u00e9rt\/elsz\u00e1ll\u00edt\u00e1s\u00e9rt a ment\u00e9ssel\/elsz\u00e1ll\u00edt\u00e1ssal \u00e9rintett \u00fcgyf\u00e9lnek \u00e1f\u00e1val egy\u00fctt 168,00 EURO \u00e1ltal\u00e1ny\u00f6sszeget kell fizetnie, amelynek m\u00e9rt\u00e9ke \u00e9vente ism\u00e9telten meg\u00e1llap\u00edt\u00e1sra ker\u00fcl.<\/li>\n<li>A s\u00edp\u00e1ly\u00e1k naponta 17:00 \u00e9s 8:00 \u00f3ra k\u00f6z\u00f6tt z\u00e1rva tartanak, \u00e9s ez alatt id\u0151 alatt tilos a bel\u00e9p\u00e9s vagy a s\u00edel\u00e9s. A z\u00e1rva tart\u00e1s ideje alatt a felvon\u00f3t\u00e1rsas\u00e1g nem ny\u00fajt biztons\u00e1gi v\u00e9delmet. Fenn\u00e1ll a s\u00e9r\u00fcl\u00e9svesz\u00e9ly a lesikl\u00f3p\u00e1lya el\u0151k\u00e9sz\u00edt\u00e9se, a cs\u00f6rl\u0151k\u00f6telek, a h\u00f3\u00e1gy\u00faz\u00e1s, valamint a szabadon l\u00e9v\u0151 k\u00e1belek \u00e9s t\u00f6ml\u0151k miatt (a vesz\u00e9lyek p\u00e9ld\u00e1l\u00f3dz\u00f3 felsorol\u00e1sa).<\/li>\n<li>Az erd\u0151 szabad megk\u00f6zel\u00edthet\u0151s\u00e9ge k\u00fcl\u00f6nleges felel\u0151ss\u00e9g\u00e9rzetet ig\u00e9nyel, \u00e9s k\u00f6telez annak v\u00e9delm\u00e9re. Az erd\u00e9szeti t\u00f6rv\u00e9ny \u00e9rtelm\u00e9ben az erd\u0151ben \u00e9s a felvon\u00f3k ter\u00fclet\u00e9n a t\u00e9li sporteszk\u00f6z\u00f6ket csak a kijel\u00f6lt lejt\u0151k\u00f6n vagy s\u00ed\u00fatvonalakon lehet haszn\u00e1lni. Tilos a 3 m alatti magass\u00e1g\u00fa erdei kult\u00far\u00e1kba bel\u00e9pni, valamint b\u00e1rminem\u0171 hullad\u00e9kot eldobni. Ennek figyelmen k\u00edv\u00fcl hagy\u00e1sa az erd\u00e9szeti t\u00f6rv\u00e9ny\/hullad\u00e9kgazd\u00e1lkod\u00e1si t\u00f6rv\u00e9ny szerinti feljelent\u00e9s megt\u00e9tel\u00e9t \u00e9s a s\u00edb\u00e9rletre val\u00f3 jogosults\u00e1g k\u00e1rt\u00e9r\u00edt\u00e9s n\u00e9lk\u00fcli visszavon\u00e1s\u00e1t vonja maga ut\u00e1n.<\/li>\n<li>A felvon\u00f3t\u00e1rsas\u00e1g \u00e1ltal biztos\u00edtott parkol\u00f3helyeket csak megv\u00e1s\u00e1rolt s\u00edb\u00e9rlettel rendelkez\u0151 \u00fcgyfelek haszn\u00e1lhatj\u00e1k, m\u00e9gpedig kiz\u00e1r\u00f3lag 8.00 \u00e9s 20.00 \u00f3ra k\u00f6z\u00f6tt. Az e szab\u00e1lyt megs\u00e9rtve parkol\u00f3 j\u00e1rm\u0171veket a felvon\u00f3t\u00e1rsas\u00e1g ker\u00e9kbilinccsel l\u00e1thatja el. A ker\u00e9kbilincs felszerel\u00e9s\u00e9\u00e9rt \u00e9s elt\u00e1vol\u00edt\u00e1s\u00e1\u00e9rt napt\u00e1ri naponk\u00e9nt 50,00 \u20ac \u00e1tal\u00e1nyd\u00edjat kell fizetni.<\/li>\n<\/ol>\n<p><em>Utols\u00f3 friss\u00edt\u00e9s: 2023. 11. 07.<\/em><\/p>\n<p>&nbsp;<\/p>\n<\/p><\/div>\n","protected":false},"excerpt":{"rendered":"<p>Viteld\u00edjra vonatkoz\u00f3 \u00e1ltal\u00e1nos rendelkez\u00e9sek \u00c1ltal\u00e1nos tarifa-\/dr\u00f3tk\u00f6t\u00e9lp\u00e1lya-\/s\u00edfelvon\u00f3 \u00e9s s\u00edp\u00e1lya haszn\u00e1lati szab\u00e1lyok Murtal Seilbahnen Betriebs GmbH Az \u00e1ltal\u00e1nos tarifa-\/dr\u00f3tk\u00f6t\u00e9lp\u00e1lya-\/s\u00edfelvon\u00f3 \u00e9s s\u00edp\u00e1lya haszn\u00e1lati szab\u00e1lyok, a k\u00f6zz\u00e9tett \u00e1rt\u00e1bl\u00e1zatok \u00e9s a v\u00f6lgy\u00e1llom\u00e1s ter\u00fclet\u00e9n kif\u00fcggesztett, hat\u00f3s\u00e1gilag j\u00f3v\u00e1hagyott sz\u00e1ll\u00edt\u00e1si felt\u00e9telek a felvon\u00f3t\u00e1rsas\u00e1g \u00e9s az \u00fcgyf\u00e9l k\u00f6z\u00f6tti szerz\u0151d\u00e9ses jogviszony r\u00e9sz\u00e9t k\u00e9pezik. A s\u00edb\u00e9rlet megv\u00e1s\u00e1rl\u00e1s\u00e1val az \u00fcgyf\u00e9l tudom\u00e1sul veszi ezeket a felt\u00e9teleket \u00e9s k\u00f6telezetts\u00e9get [&hellip;]<\/p>\n","protected":false},"author":1,"featured_media":0,"parent":0,"menu_order":0,"comment_status":"closed","ping_status":"closed","template":"","meta":{"_acf_changed":false,"footnotes":""},"class_list":["post-3246","page","type-page","status-publish","hentry"],"acf":[],"_links":{"self":[{"href":"https:\/\/www.kreischberg.at\/hu\/wp-json\/wp\/v2\/pages\/3246","targetHints":{"allow":["GET"]}}],"collection":[{"href":"https:\/\/www.kreischberg.at\/hu\/wp-json\/wp\/v2\/pages"}],"about":[{"href":"https:\/\/www.kreischberg.at\/hu\/wp-json\/wp\/v2\/types\/page"}],"author":[{"embeddable":true,"href":"https:\/\/www.kreischberg.at\/hu\/wp-json\/wp\/v2\/users\/1"}],"replies":[{"embeddable":true,"href":"https:\/\/www.kreischberg.at\/hu\/wp-json\/wp\/v2\/comments?post=3246"}],"version-history":[{"count":2,"href":"https:\/\/www.kreischberg.at\/hu\/wp-json\/wp\/v2\/pages\/3246\/revisions"}],"predecessor-version":[{"id":3248,"href":"https:\/\/www.kreischberg.at\/hu\/wp-json\/wp\/v2\/pages\/3246\/revisions\/3248"}],"wp:attachment":[{"href":"https:\/\/www.kreischberg.at\/hu\/wp-json\/wp\/v2\/media?parent=3246"}],"curies":[{"name":"wp","href":"https:\/\/api.w.org\/{rel}","templated":true}]}}