{"id":2819,"date":"2019-11-25T18:16:37","date_gmt":"2019-11-25T17:16:37","guid":{"rendered":"https:\/\/www.kreischberg.at\/datenschutz\/"},"modified":"2023-12-20T08:27:12","modified_gmt":"2023-12-20T07:27:12","slug":"adatvedelem","status":"publish","type":"page","link":"https:\/\/www.kreischberg.at\/hu\/adatvedelem\/","title":{"rendered":"Adatv\u00e9delem"},"content":{"rendered":"<div class=\"acf-fc-column acf-fc-column-1\">\n<h1><a name=\"pp-data-policy-topic-00\"><\/a>Adatv\u00e9delmi szab\u00e1lyzat<\/h1>\n<p>A weboldalt a Murtal Seilbahnen Betriebs GmbH, Kreischbergstra\u00dfe 1, 8861 St. Georgen am Kreischberg, Ausztria \u00fczemelteti. Ez a t\u00e1j\u00e9koztat\u00f3 le\u00edrja, hogyan kezelj\u00fck szem\u00e9lyes adatait ezen a webhelyen.<br \/>\n<a href=\"#pp-data-policy-topic-25\">Tov\u00e1bb a s\u00fctik illetve adatv\u00e9delmi be\u00e1ll\u00edt\u00e1sokhoz (hozz\u00e1j\u00e1rul\u00e1s visszavon\u00e1sa)<\/a><\/p>\n<h2><a name=\"pp-data-policy-topic-10\"><\/a>1. Milyen adatokat dolgozunk fel \u00d6nr\u0151l<\/h2>\n<p>A weboldalon tett l\u00e1togat\u00e1sa sor\u00e1n a k\u00f6vetkez\u0151 adatokat gy\u0171jtj\u00fck: weboldalunkon t\u00f6rt\u00e9n\u0151 b\u00f6ng\u00e9sz\u00e9s\u00e9nek idej\u00e9t \u00e9s id\u0151pontj\u00e1t, az \u00d6n IP-c\u00edm\u00e9t, webb\u00f6ng\u00e9sz\u0151j\u00e9nek nev\u00e9t \u00e9s verzi\u00f3j\u00e1t, a weboldalt (URL-t), amelyet oldalunk el\u00e9r\u00e9se el\u0151tt megl\u00e1togatott, bizonyos s\u00fctik-et (l\u00e1sd a k\u00f6vetkez\u0151 pontokat) \u00e9s azokat a szem\u00e9lyes adatokat, amelyeket a kapcsolatfelv\u00e9teli \u0171rlap kit\u00f6lt\u00e9s\u00e9vel (pl. nev\u00e9nek \u00e9s e-mail c\u00edm\u00e9nek megad\u00e1s\u00e1val) vagy \u00fczenete tartalm\u00e1nak megad\u00e1s\u00e1val k\u00f6z\u00f6l.<\/p>\n<h2><a name=\"pp-data-policy-topic-25\"><\/a>2. S\u00fctik \u00e9s k\u00fcls\u0151 szolg\u00e1ltat\u00e1sok<\/h2>\n<p>Weboldalunk s\u00fcti-ket haszn\u00e1l.<br \/>\nA s\u00fctik olyan adatok, amelyeket a webhely vagy a szerver a b\u00f6ng\u00e9sz\u0151j\u00e9ben t\u00e1rol, amikor \u00d6n megl\u00e1togatja a webhelyet \u00e9s amelyeket minden egyes alkalommal elk\u00fcld a szervernek, amikor \u00d6n bel\u00e9p a weboldalra. A s\u00fctik lehet\u0151v\u00e9 teszik az adatok (pl. nyelvi be\u00e1ll\u00edt\u00e1sok, kos\u00e1r tartalma, bejelentkez\u00e9si ill. regisztr\u00e1ci\u00f3s \u00e1llapot stb.) t\u00e1rol\u00e1s\u00e1t a b\u00f6ng\u00e9sz\u0151ben, az oldal megtekint\u00e9se vagy az ism\u00e9tl\u0151d\u0151 l\u00e1togat\u00e1sok k\u00f6z\u00f6tt. Ez azt jelenti, hogy a b\u00f6ng\u00e9sz\u0151 megjegyzi a weboldal legut\u00f3bbi l\u00e1togat\u00e1s\u00e1nak illetve megtekint\u00e9s\u00e9nek be\u00e1ll\u00edt\u00e1sait. A s\u00fctik az \u00d6n b\u00f6ng\u00e9sz\u0151j\u00e9nek egyedi azonos\u00edt\u00e1s\u00e1ra is haszn\u00e1lhat\u00f3k. Ez t\u00f6bbek k\u00f6z\u00f6tt az \u00d6n jogosults\u00e1g\u00e1nak (bejelentkez\u00e9si ill. regisztr\u00e1ci\u00f3s st\u00e1tusz\u00e1nak) ellen\u0151rz\u00e9s\u00e9re haszn\u00e1lhat\u00f3.<br \/>\nKiz\u00e1r\u00f3lag a weboldal m\u0171k\u00f6d\u00e9s\u00e9hez \u00e9s funkci\u00f3ihoz sz\u00fcks\u00e9ges alapvet\u0151 s\u00fctiket haszn\u00e1lunk; ezek a s\u00fctik nem utas\u00edthat\u00f3k el. Ide tartozhatnak a k\u00f6vetkez\u0151 funkci\u00f3k: nyelvi be\u00e1ll\u00edt\u00e1s, web\u00e1ruh\u00e1z kosara, bejelentkez\u00e9si \u00e1llapot ellen\u0151rz\u00e9s\u00e9re szolg\u00e1l\u00f3 s\u00fctik \u00e9s m\u00e1s hasonl\u00f3k. Ezek a s\u00fctik nem a l\u00e1togat\u00f3 nyomon k\u00f6vet\u00e9s\u00e9re szolg\u00e1lnak. A legt\u00f6bb ilyen s\u00fcti a b\u00f6ng\u00e9sz\u0151 bez\u00e1r\u00e1sa ut\u00e1n automatikusan t\u00f6rl\u0151dik (munkamenet s\u00fctik).<br \/>\nA weboldalunkba integr\u00e1lt egyes k\u00fcls\u0151 szolg\u00e1ltat\u00e1sok maguk is haszn\u00e1lhatnak s\u00fctiket vagy hasonl\u00f3 technol\u00f3gi\u00e1kat. Miel\u0151tt ezeket a szolg\u00e1ltat\u00e1sokat haszn\u00e1ln\u00e1, kifejezetten megk\u00e9rj\u00fck, hogy j\u00e1ruljon hozz\u00e1 az adott szolg\u00e1ltat\u00e1s adatv\u00e9delmi szab\u00e1lyzat\u00e1hoz. Az \u00d6n hozz\u00e1j\u00e1rul\u00e1s\u00e1t egy s\u00fcti seg\u00edts\u00e9g\u00e9vel legfeljebb 1 \u00e9vig t\u00e1roljuk a b\u00f6ng\u00e9sz\u0151j\u00e9ben. Ha \u00d6n 14 \u00e9v alatti \u00e9s beleegyez\u00e9s\u00e9t k\u00edv\u00e1nja adni valamelyik ilyen szolg\u00e1ltat\u00e1s haszn\u00e1lat\u00e1hoz, akkor ehhez sz\u00fcl\u0151je vagy gondvisel\u0151je enged\u00e9ly\u00e9t kell k\u00e9rnie.<\/p>\n<h3>Hozz\u00e1j\u00e1rul\u00e1s visszavon\u00e1sa<\/h3>\n<p>Itt lehet\u0151s\u00e9ge van arra, hogy kor\u00e1bban adott hozz\u00e1j\u00e1rul\u00e1s\u00e1t visszavonja:<br \/>\n[pp-content-blocker show-all-revocation-links]<\/p>\n<h2><a name=\"pp-data-policy-topic-30\"><\/a>3. Kapcsolatfelv\u00e9tel<\/h2>\n<p>Ha \u00d6n a weboldalon tal\u00e1lhat\u00f3 kapcsolatfelv\u00e9teli \u0171rlap \u00fatj\u00e1n (Kontaktformular), a weboldalon tal\u00e1lhat\u00f3 hozz\u00e1sz\u00f3l\u00e1si funkci\u00f3val (Kommentar), e-mailben vagy telefonon kereszt\u00fcl l\u00e9p kapcsolatba vel\u00fcnk, akkor hozz\u00e1j\u00e1rul az 1. pontban eml\u00edtett szem\u00e9lyes adatainak tov\u00e1bb\u00edt\u00e1s\u00e1hoz, valamint ahhoz, hogy e-mailben vagy telefonon felvegy\u00fck \u00d6nnel a kapcsolatot. Adatait kiz\u00e1r\u00f3lag az \u00d6nnel val\u00f3 kapcsolatfelv\u00e9telre haszn\u00e1ljuk fel \u00e9s nem adjuk tov\u00e1bb.<\/p>\n<h2><a name=\"pp-data-policy-topic-50\"><\/a>4. Haszn\u00e1lt eszk\u00f6z\u00f6k \u00e9s k\u00fcls\u0151 szolg\u00e1ltat\u00e1sok<\/h2>\n<h3><a name=\"pp-data-policy-topic-50-490\"><\/a>4.1. feratel Mediaplayer<\/h3>\n<p>Weboldalunkon webkamera-, panor\u00e1ma- \u00e9s turisztikai vide\u00f3tartalmak jelennek meg a feratel Mediaplayer seg\u00edts\u00e9g\u00e9vel, amely a feratel media technologies AG, Maria-Theresien-Stra\u00dfe 8, 6020 Innsbruck, Ausztria \u00e1ltal ny\u00fajtott szolg\u00e1ltat\u00e1s. Az \u00d6n IP-c\u00edme, valamint k\u00e9sz\u00fcl\u00e9k- \u00e9s b\u00f6ng\u00e9sz\u0151 azonos\u00edt\u00f3ja tov\u00e1bb\u00edt\u00e1sra ker\u00fcl a feratel r\u00e9sz\u00e9re. K\u00e9rj\u00fck, hogy a feratel Mediaplayer haszn\u00e1lata el\u0151tt figyelmesen olvassa el a feratel Mediaplayer adatv\u00e9delmi szab\u00e1lyzat\u00e1t. A feratel Mediaplayer adatv\u00e9deli szab\u00e1lyzat\u00e1t itt tal\u00e1lja: <a href=\"https:\/\/webtv.feratel.com\/webtv\/ds.jsp?lg=de\" target=\"_blank\" rel=\"noopener noreferrer nofollow\">https:\/\/webtv.feratel.com\/webtv\/ds.jsp?lg=de<\/a><\/p>\n<h3><a name=\"pp-data-policy-topic-50-80\"><\/a>4.2. Google Maps<\/h3>\n<p>Ez a weboldal a Google T\u00e9rk\u00e9pet haszn\u00e1lja a t\u00e9rk\u00e9pinform\u00e1ci\u00f3k megjelen\u00edt\u00e9s\u00e9hez. A szolg\u00e1ltat\u00f3 a Google Ireland Limited, Gordon House, Barrow Street, Dublin 4, \u00cdrorsz\u00e1g. Annak \u00e9rdek\u00e9ben, hogy meg tudja jelen\u00edteni az \u00d6n \u00e1ltal el\u00e9rt t\u00e9rk\u00e9peket, a Google r\u00f6gz\u00edti az \u00d6n IP-c\u00edm\u00e9t, amelyet a Google tov\u00e1bb\u00edthat az Egyes\u00fclt \u00c1llamokban tal\u00e1lhat\u00f3 szerverekre, \u00e9s ott t\u00e1rolhatja. A Google adatokat gy\u0171jthet a Google Maps haszn\u00e1lat\u00e1r\u00f3l is. K\u00e9rj\u00fck, a Google T\u00e9rk\u00e9p funkci\u00f3 haszn\u00e1lata el\u0151tt, figyelmesen olvassa el a Google adatv\u00e9delmi szab\u00e1lyzat\u00e1t. A Google adatv\u00e9delmi ir\u00e1nyelvei az al\u00e1bbi oldalon tal\u00e1lhat\u00f3k: <a href=\"https:\/\/www.google.at\/intl\/de\/policies\/privacy\/\" target=\"_blank\" rel=\"noopener noreferrer nofollow\">https:\/\/www.google.at\/intl\/de\/policies\/privacy\/<\/a>.<\/p>\n<h3><a name=\"pp-data-policy-topic-50-470\"><\/a>4.3. INCERT utalv\u00e1nyshop<\/h3>\n<p>Utalv\u00e1nyboltunkat az INCERT eTourismus GmbH &amp; Co KG (a tov\u00e1bbiakban: INCERT) c\u00e9g \u00fczemelteti a Wirtschaftspark Lederfabrik, Leonfeldnerstra\u00dfe 328, 4040 Linz c\u00edmen.<br \/>\nAz utalv\u00e1nybolt haszn\u00e1lata sor\u00e1n az \u00d6n IP-c\u00edme tov\u00e1bb\u00edt\u00e1sra ker\u00fcl az INCERT-hez \u00e9s minden &#8211; a szolg\u00e1ltat\u00e1s m\u0171k\u00f6dtet\u00e9s\u00e9ben r\u00e9szt vev\u0151 &#8211; szolg\u00e1ltat\u00f3hoz. Ezenk\u00edv\u00fcl az INCERT adatokat gy\u0171jthet a szolg\u00e1ltat\u00e1s \u00d6n \u00e1ltal t\u00f6rt\u00e9n\u0151 haszn\u00e1latr\u00f3l. K\u00e9rj\u00fck, hogy az utalv\u00e1nyshop haszn\u00e1lata el\u0151tt, figyelmesen olvassa el az INCERT adatv\u00e9delmi szab\u00e1lyzat\u00e1t.<br \/>\nAz INCERT adatv\u00e9delmi szab\u00e1lyzat\u00e1t a <a href=\"https:\/\/www.incert.at\/dsgvo\/\" target=\"_blank\" rel=\"noopener noreferrer nofollow\">https:\/\/www.incert.at\/dsgvo\/<\/a> weboldalon vagy a <a href=\"https:\/\/www.incert.at\/datenschutz\/\" target=\"_blank\" rel=\"noopener noreferrer nofollow\">https:\/\/www.incert.at\/datenschutz\/<\/a> oldalon tal\u00e1lja.<\/p>\n<h3><a name=\"pp-data-policy-topic-50-580\"><\/a>4.4. Matomo hozz\u00e1f\u00e9r\u00e9si statisztika<\/h3>\n<p>A Matomo seg\u00edts\u00e9g\u00e9vel weboldalunk el\u00e9rhet\u0151s\u00e9g\u00e9t \u00e9s teljes\u00edtm\u00e9ny\u00e9t m\u00e9rj\u00fck. A Matomo egy webelemz\u0151 eszk\u00f6z, amely a saj\u00e1t szervereinken m\u0171k\u00f6dik.<br \/>\nA Matomo-t napl\u00f3f\u00e1jl nyomk\u00f6vet\u0151k\u00e9nt haszn\u00e1ljuk. Azaz nem haszn\u00e1lunk s\u00fctiket \u00e9s nem haszn\u00e1lunk tov\u00e1bbi k\u00f3dot (pl. JavaScript) adatgy\u0171jt\u00e9shez \u00e9s statisztik\u00e1k k\u00e9sz\u00edt\u00e9s\u00e9hez. A nyomon k\u00f6vet\u00e9s a szerver m\u0171k\u00f6d\u00e9s\u00e9hez sz\u00fcks\u00e9ges napl\u00f3f\u00e1jlokat haszn\u00e1lja (d\u00e1tum, id\u0151 \u00e9s a megl\u00e1togatott oldal URL-je, valamint a l\u00e1togat\u00f3 IP c\u00edme \u00e9s b\u00f6ng\u00e9sz\u0151azonos\u00edt\u00f3ja). Az IP-c\u00edmek anonimiz\u00e1ltak (IP-maszkol\u00e1s) \u00e9s anonim felhaszn\u00e1l\u00f3i profilokban vannak \u00f6sszefoglalva. Ez\u00e9rt nem lehets\u00e9ges az egyes felhaszn\u00e1l\u00f3k azonos\u00edt\u00e1sa.<br \/>\nAz adatokat a weboldal haszn\u00e1lat\u00e1nak elemz\u00e9s\u00e9re haszn\u00e1ljuk fel. Az \u00f6sszegy\u0171jt\u00f6tt adatokat harmadik f\u00e9lnek nem adjuk \u00e1t.<\/p>\n<h3><a name=\"pp-data-policy-topic-50-480\"><\/a>4.5. QParks<\/h3>\n<p>A snowpark bemutat\u00e1sa sor\u00e1n a QParks szolg\u00e1ltat\u00e1sait vessz\u00fck ig\u00e9nybe, amelyet a young mountain marketing gmbh, Puchstrasse 17, 8020 Graz, Ausztria ny\u00fajt.<br \/>\nA Snowpark tartalm\u00e1nak megjelen\u00edt\u00e9sekor az \u00d6n IP-c\u00edme tov\u00e1bb\u00edt\u00e1sra ker\u00fcl a QParks \u00e9s a szolg\u00e1ltat\u00e1s m\u0171k\u00f6dtet\u00e9s\u00e9ben r\u00e9szt vev\u0151 \u00f6sszes szolg\u00e1ltat\u00f3 fel\u00e9. Ezen k\u00edv\u00fcl a QParks adatokat gy\u0171jthet a szolg\u00e1ltat\u00e1s \u00d6n \u00e1ltal t\u00f6rt\u00e9n\u0151 haszn\u00e1lat\u00e1r\u00f3l. K\u00e9rj\u00fck, figyelmesen olvassa el a QParks adatv\u00e9delmi szab\u00e1lyzat\u00e1t.<br \/>\nA QParks adatv\u00e9delmi ir\u00e1nyelveit az al\u00e1bbi weboldalon tal\u00e1lja: <a href=\"https:\/\/www.qparks.com\/page\/datenschutz\/\" target=\"_blank\" rel=\"noopener noreferrer nofollow\">https:\/\/www.qparks.com\/page\/datenschutz\/<\/a><\/p>\n<h3><a name=\"pp-data-policy-topic-50-350\"><\/a>4.6. Vimeo<\/h3>\n<p>Amikor felkeresi weboldalunkat, megtekintheti a Vimeo.com, Inc., 555 West 18th Street, New York, New York 10011, USA \u00e1ltal be\u00e1gyazott vide\u00f3kat.<br \/>\nA Vimeo-vide\u00f3k megjelen\u00edt\u00e9se \u00e9rdek\u00e9ben a Vimeo.com, Inc. begy\u0171jti az \u00d6n IP-c\u00edm\u00e9t, amelyet a Vimeo.com, Inc. tov\u00e1bb\u00edthat az Egyes\u00fclt \u00c1llamokban l\u00e9v\u0151 szerverekre \u00e9s ott t\u00e1rolhat. Ezenk\u00edv\u00fcl a Vimeo.com, Inc. inform\u00e1ci\u00f3kat gy\u0171jthet a vide\u00f3k \u00d6n \u00e1ltali haszn\u00e1lat\u00e1r\u00f3l. A Vimeo haszn\u00e1lata el\u0151tt k\u00e9rj\u00fck, figyelmesen olvassa el a Vimeo.com, Inc. adatv\u00e9delmi szab\u00e1lyzat\u00e1t. Az adatv\u00e9delmi szab\u00e1lyzatot \u00e9s a haszn\u00e1lati felt\u00e9teleket az al\u00e1bbi oldalon tal\u00e1lja: <a href=\"https:\/\/vimeo.com\/privacy\" target=\"_blank\" rel=\"noopener noreferrer nofollow\">https:\/\/vimeo.com\/privacy<\/a>.<\/p>\n<h3><a name=\"pp-data-policy-topic-50-160\"><\/a>4.7. YouTube<\/h3>\n<p>Amikor megl\u00e1togatja weboldalunkat, a YouTube (a Google Ireland Limited term\u00e9ke, Gordon House, Barrow Street, Dublin 4, \u00cdrorsz\u00e1g) \u00e1ltal integr\u00e1lt vide\u00f3kat n\u00e9zhet.<br \/>\nA YouTube-vide\u00f3k megjelen\u00edt\u00e9s\u00e9hez a Google r\u00f6gz\u00edti az \u00d6n IP-c\u00edm\u00e9t, amelyet a Google tov\u00e1bb\u00edthat az Egyes\u00fclt \u00c1llamokban tal\u00e1lhat\u00f3 szerverekre \u00e9s ott t\u00e1rolhat. A Google adatokat gy\u0171jthet a YouTube haszn\u00e1lat\u00e1r\u00f3l is. K\u00e9rj\u00fck, hogy a YouTube haszn\u00e1lata el\u0151tt figyelmesen olvassa el a Google adatv\u00e9delmi szab\u00e1lyzat\u00e1t. Az adatv\u00e9delmi ir\u00e1nyelvek \u00e9s a felhaszn\u00e1l\u00e1si felt\u00e9telek a <a href=\"https:\/\/www.google.com\/intl\/de\/policies\/privacy\/\" target=\"_blank\" rel=\"noopener noreferrer nofollow\">https:\/\/www.google.com\/intl\/de\/policies\/privacy\/<\/a> oldalon tal\u00e1lhat\u00f3k.<\/p>\n<h2><a name=\"pp-data-policy-topic-60\"><\/a>5. Az adatfeldolgoz\u00e1s c\u00e9lja<\/h2>\n<p>Szem\u00e9lyes adatait k\u00f6vetkez\u0151 c\u00e9lb\u00f3l haszn\u00e1ljuk:<\/p>\n<ul>\n<li>a weboldal el\u00e9rhet\u0151 legyen az \u00d6n sz\u00e1m\u00e1ra, valamint tov\u00e1bbi jav\u00edt\u00e1s \u00e9s fejleszt\u00e9s c\u00e9lj\u00e1b\u00f3l;<\/li>\n<li>haszn\u00e1lati statisztik\u00e1k k\u00e9sz\u00edt\u00e9se;<\/li>\n<li>a weboldalunkat \u00e9rt t\u00e1mad\u00e1sok \u00e9szlel\u00e9se, megel\u0151z\u00e9se \u00e9s kivizsg\u00e1l\u00e1sa;<\/li>\n<li>hogy v\u00e1laszolhassunk az \u00d6n megkeres\u00e9s\u00e9re \u00e9s\/vagy szerz\u0151d\u00e9sk\u00f6t\u00e9st megel\u0151z\u0151 int\u00e9zked\u00e9seket hajthassunk v\u00e9gre;<\/li>\n<li>a felhaszn\u00e1l\u00f3knak ny\u00fajtott m\u0171szaki t\u00e1mogat\u00e1s jav\u00edt\u00e1sa \u00e9rdek\u00e9ben;<\/li>\n<li>k\u00f6lts\u00e9ghat\u00e9kony m\u00f3don k\u00f6nnyen haszn\u00e1lhat\u00f3 honlap-hozz\u00e1f\u00e9r\u00e9si statisztik\u00e1k k\u00e9sz\u00edt\u00e9se;<\/li>\n<li>szolg\u00e1ltat\u00e1saink ill. term\u00e9keink jobb n\u00e9pszer\u0171s\u00edt\u00e9se \u00e9rdek\u00e9ben;<\/li>\n<li>a jelentkez\u00e9sek elfogad\u00e1sa c\u00e9lj\u00e1b\u00f3l.<\/li>\n<\/ul>\n<h2><a name=\"pp-data-policy-topic-70\"><\/a>6. A feldolgoz\u00e1s jogi alapja<\/h2>\n<p>Az \u00d6n szem\u00e9lyes adatainak feldolgoz\u00e1sa, l\u00e1sd a &#8222;<a href=\"https:\/\/www.kreischberg.at\/hu\/adatvedelem\/#pp-data-policy-topic-10\">Milyen adatokat dolgozunk fel \u00d6nr\u0151l<\/a>&#8220; c\u00edm\u0171 r\u00e9szt, kiz\u00e1r\u00f3lag jogi alapon t\u00f6rt\u00e9nik:<\/p>\n<ul>\n<li>az \u00d6nnel k\u00f6t\u00f6tt szerz\u0151d\u00e9s teljes\u00edt\u00e9se \u00e9s\/vagy a szerz\u0151d\u00e9sk\u00f6t\u00e9st megel\u0151z\u0151 int\u00e9zked\u00e9sek v\u00e9grehajt\u00e1sa (Art 6 Abs 1 lit b DSGVO);<br \/>\n\u00e9s\/vagy<\/li>\n<li>els\u0151dleges jogos \u00e9rdek\u00fcnk \u201e<a href=\"https:\/\/www.kreischberg.at\/hu\/adatvedelem\/#pp-data-policy-topic-60\">Az adatkezel\u00e9s c\u00e9ljai<\/a>\u201d pontban meghat\u00e1rozott c\u00e9lok el\u00e9r\u00e9s\u00e9hez (Art 6 Abs 1 lit f DSGVO).<\/li>\n<\/ul>\n<h2><a name=\"pp-data-policy-topic-80\"><\/a>7. Az \u00d6n szem\u00e9lyes adatainak tov\u00e1bb\u00edt\u00e1sa<\/h2>\n<p>A fent eml\u00edtett c\u00e9lokb\u00f3l az \u00d6n szem\u00e9lyes adatait, adott esetben az \u00d6n hozz\u00e1j\u00e1rul\u00e1s\u00e1t\u00f3l f\u00fcgg\u0151en, a k\u00f6vetkez\u0151 c\u00edmzetteknek tov\u00e1bb\u00edtjuk:<\/p>\n<ul>\n<li>\u00e1ltalunk ig\u00e9nybe vett IT-szolg\u00e1ltat\u00f3k<\/li>\n<li>t\u00e1rhely szolg\u00e1ltat\u00f3k<\/li>\n<li>\u201e<a href=\"https:\/\/www.kreischberg.at\/hu\/adatvedelem\/#pp-data-policy-topic-50\">Haszn\u00e1lt eszk\u00f6z\u00f6k \u00e9s k\u00fcls\u0151 szolg\u00e1ltat\u00e1sok<\/a>\u201d k\u00f6z\u00f6tt felsorolt szolg\u00e1ltat\u00f3k<\/li>\n<\/ul>\n<h2><a name=\"pp-data-policy-topic-90\"><\/a>8. T\u00e1rol\u00e1s id\u0151tartama<\/h2>\n<p>\u2022 A weboldal l\u00e1togat\u00e1sa sor\u00e1n feldolgozott adatait \u00e1ltal\u00e1ban h\u00e1rom h\u00f3napig t\u00e1roljuk. Az adatokat csak akkor t\u00e1roljuk hosszabb ideig, ha ez sz\u00fcks\u00e9ges a weboldalunkat \u00e9rt t\u00e1mad\u00e1sok kivizsg\u00e1l\u00e1s\u00e1hoz.<br \/>\n\u2022 Ha \u00d6n \u0171rlapok kit\u00f6lt\u00e9s\u00e9vel vagy m\u00e1s technik\u00e1k alkalmaz\u00e1s\u00e1val tov\u00e1bb\u00edtotta nek\u00fcnk szem\u00e9lyes adatait a weboldalunkon, akkor az \u00d6n adatait addig t\u00e1roljuk, ameddig ez sz\u00fcks\u00e9gesnek t\u0171nik az \u00d6n megkeres\u00e9s\u00e9nek kezel\u00e9s\u00e9hez \u00e9s ameddig a t\u00f6rv\u00e9nyes meg\u0151rz\u00e9si id\u0151szakok \u00e9s\/vagy el\u00e9v\u00fcl\u00e9si id\u0151k megk\u00f6vetelik.<\/p>\n<h2><a name=\"pp-data-policy-topic-100\"><\/a>9. Az \u00d6n jogai<\/h2>\n<p>\u2022 Ha a jogi k\u00f6vetelm\u00e9nyek teljes\u00fclnek, \u00d6nnek joga van a t\u00e1j\u00e9koztat\u00e1shoz, a helyesb\u00edt\u00e9shez, a t\u00f6rl\u00e9shez, az adatkezel\u00e9s korl\u00e1toz\u00e1s\u00e1hoz \u00e9s az adathordozhat\u00f3s\u00e1ghoz. Ha \u00fagy v\u00e9li, hogy szem\u00e9lyes adatainak feldolgoz\u00e1sa nem jogszer\u0171, panaszt tehet az adatv\u00e9delmi hat\u00f3s\u00e1gn\u00e1l (<a href=\"https:\/\/www.dsb.gv.at\/\" target=\"_blank\" rel=\"noopener noreferrer nofollow\">https:\/\/www.dsb.gv.at\/<\/a>), Wickenburggasse 8, 1080 B\u00e9cs, <a href=\"mailto:dsb@dsb.gv.at\">dsb@dsb.gv.at<\/a>.<br \/>\n\u2022 Ha b\u00e1rmilyen k\u00e9rd\u00e9se van a jelen adatv\u00e9delmi nyilatkozattal kapcsolatban, vagy \u00e9lni k\u00edv\u00e1n az abban felsorolt jogaival, k\u00e9rj\u00fck, vegye fel vel\u00fcnk a kapcsolatot az <a href=\"mailto:office@kreischberg.at\">office@kreischberg.at<\/a> e-mail c\u00edmen.<\/p>\n<h2><a name=\"pp-data-policy-topic-110\"><\/a>10. Felel\u0151ss\u00e9gv\u00e1llal\u00e1s kiz\u00e1r\u00e1sa<\/h2>\n<p>Ez a felel\u0151ss\u00e9gkiz\u00e1r\u00f3 nyilatkozat annak az internetes aj\u00e1nlat r\u00e9sz\u00e9nek tekintend\u0151, amelyb\u0151l erre a weboldalra hivatkoztak.<br \/>\nHa a jelen nyilatkozat egyes r\u00e9szei vagy egyes megfogalmaz\u00e1sai nem, m\u00e1r nem, vagy nem teljes m\u00e9rt\u00e9kben felelnek meg a hat\u00e1lyos jogi helyzetnek, a dokumentum t\u00f6bbi r\u00e9sze, tartalma \u00e9s \u00e9rv\u00e9nyess\u00e9ge tekintet\u00e9ben v\u00e1ltozatlan marad.<\/p>\n<h3><a name=\"pp-data-policy-topic-110-10\"><\/a>10.1. A weboldal tartalm\u00e1\u00e9rt val\u00f3 felel\u0151ss\u00e9g<\/h3>\n<p>A weboldal tartalma a lehet\u0151 legnagyobb gondoss\u00e1ggal lett \u00f6ssze\u00e1ll\u00edtva. A tartalom pontoss\u00e1g\u00e1\u00e9rt, teljess\u00e9g\u00e9\u00e9rt \u00e9s aktualit\u00e1s\u00e1\u00e9rt azonban nem v\u00e1llalunk felel\u0151ss\u00e9get. Szolg\u00e1ltat\u00f3k\u00e9nt az \u00e1ltal\u00e1nos jogszab\u00e1lyoknak megfelel\u0151en mi magunk vagyunk felel\u0151sek az oldalakon tal\u00e1lhat\u00f3 tartalmak\u00e9rt. Nem vagyunk azonban k\u00f6telesek figyelemmel k\u00eds\u00e9rni a harmadik f\u00e9l \u00e1ltal tov\u00e1bb\u00edtott vagy t\u00e1rolt inform\u00e1ci\u00f3kat, illetve kivizsg\u00e1lni a jogellenes tev\u00e9kenys\u00e9gre utal\u00f3 k\u00f6r\u00fclm\u00e9nyeket. Ez nem \u00e9rinti az inform\u00e1ci\u00f3k elt\u00e1vol\u00edt\u00e1s\u00e1ra vagy felhaszn\u00e1l\u00e1s\u00e1nak megakad\u00e1lyoz\u00e1s\u00e1ra vonatkoz\u00f3, az \u00e1ltal\u00e1nos jogszab\u00e1lyoknak megfelel\u0151 k\u00f6telezetts\u00e9geket. Az ezzel kapcsolatos felel\u0151ss\u00e9gre von\u00e1s azonban csak a konkr\u00e9t jogs\u00e9rt\u00e9sr\u0151l val\u00f3 tudom\u00e1sszerz\u00e9st\u0151l kezdve lehets\u00e9ges. Amint tudom\u00e1st szerz\u00fcnk ilyen jogs\u00e9rt\u00e9sr\u0151l, azonnal elt\u00e1vol\u00edtjuk az adott tartalmat.<\/p>\n<h3><a name=\"pp-data-policy-topic-110-20\"><\/a>10.2. Felel\u0151ss\u00e9g a harmadik f\u00e9l webhelyeire mutat\u00f3 hivatkoz\u00e1s eset\u00e9n<\/h3>\n<p>Weboldalunk k\u00fcls\u0151 weboldalakra mutat\u00f3 linkeket tartalmaz. Ezeknek a k\u00fcls\u0151 weboldalaknak a tartalm\u00e1ra nincs befoly\u00e1sunk. Ez\u00e9rt nem tudunk felel\u0151ss\u00e9get v\u00e1llalni ezek\u00e9rt a k\u00fcls\u0151 tartalmak\u00e9rt. A hivatkozott oldalak tartalm\u00e1\u00e9rt mindig a mindenkori szolg\u00e1ltat\u00f3 vagy az oldalak \u00fczemeltet\u0151je felel\u0151s. A linkelt oldalakat a linkel\u00e9s id\u0151pontj\u00e1ban az esetleges t\u00f6rv\u00e9nys\u00e9rt\u00e9sek szempontj\u00e1b\u00f3l ellen\u0151rizt\u00fck. Jogellenes tartalom a linkel\u00e9s id\u0151pontj\u00e1ban nem volt felismerhet\u0151. A linkelt oldalak tartalm\u00e1nak \u00e1lland\u00f3 ellen\u0151rz\u00e9se jogs\u00e9rt\u00e9sre utal\u00f3 konkr\u00e9t gyan\u00fa n\u00e9lk\u00fcl nem indokolt. Amennyiben jogszab\u00e1lys\u00e9rt\u00e9sr\u0151l szerz\u00fcnk tudom\u00e1st, az ilyen linkeket azonnal elt\u00e1vol\u00edtjuk.<\/p>\n<h3><a name=\"pp-data-policy-topic-110-30\"><\/a>10.3. Szerz\u0151i jog<\/h3>\n<p>A weboldal \u00fczemeltet\u0151i igyekeznek mindig tiszteletben tartani m\u00e1sok szerz\u0151i jogait, illetve saj\u00e1t k\u00e9sz\u00edt\u00e9s\u0171 \u00e9s licencmentes alkot\u00e1sok haszn\u00e1lat\u00e1ra t\u00f6rekszenek. A honlapon tal\u00e1lhat\u00f3, a honlap \u00fczemeltet\u0151i \u00e1ltal l\u00e9trehozott tartalmak \u00e9s m\u0171vek szerz\u0151i jogv\u00e9delem alatt \u00e1llnak. A harmadik f\u00e9l \u00e1ltal k\u00e9sz\u00edtett alkot\u00e1sokat ekk\u00e9nt jel\u00f6lik. A sokszoros\u00edt\u00e1shoz, szerkeszt\u00e9shez, terjeszt\u00e9shez \u00e9s a szerz\u0151i jogi korl\u00e1tokon k\u00edv\u00fcli b\u00e1rmilyen felhaszn\u00e1l\u00e1shoz az adott szerz\u0151 vagy alkot\u00f3 \u00edr\u00e1sos hozz\u00e1j\u00e1rul\u00e1sa sz\u00fcks\u00e9ges. Az oldal let\u00f6lt\u00e9se \u00e9s m\u00e1sol\u00e1sa kiz\u00e1r\u00f3lag mag\u00e1nc\u00e9lra, nem kereskedelmi c\u00e9l\u00fa felhaszn\u00e1l\u00e1sra enged\u00e9lyezett.<\/p>\n<\/p><\/div>\n","protected":false},"excerpt":{"rendered":"<p>Adatv\u00e9delmi szab\u00e1lyzat A weboldalt a Murtal Seilbahnen Betriebs GmbH, Kreischbergstra\u00dfe 1, 8861 St. Georgen am Kreischberg, Ausztria \u00fczemelteti. Ez a t\u00e1j\u00e9koztat\u00f3 le\u00edrja, hogyan kezelj\u00fck szem\u00e9lyes adatait ezen a webhelyen. Tov\u00e1bb a s\u00fctik illetve adatv\u00e9delmi be\u00e1ll\u00edt\u00e1sokhoz (hozz\u00e1j\u00e1rul\u00e1s visszavon\u00e1sa) 1. Milyen adatokat dolgozunk fel \u00d6nr\u0151l A weboldalon tett l\u00e1togat\u00e1sa sor\u00e1n a k\u00f6vetkez\u0151 adatokat gy\u0171jtj\u00fck: weboldalunkon t\u00f6rt\u00e9n\u0151 b\u00f6ng\u00e9sz\u00e9s\u00e9nek [&hellip;]<\/p>\n","protected":false},"author":1,"featured_media":0,"parent":0,"menu_order":0,"comment_status":"closed","ping_status":"closed","template":"","meta":{"_acf_changed":false,"footnotes":""},"class_list":["post-2819","page","type-page","status-publish","hentry"],"acf":[],"_links":{"self":[{"href":"https:\/\/www.kreischberg.at\/hu\/wp-json\/wp\/v2\/pages\/2819","targetHints":{"allow":["GET"]}}],"collection":[{"href":"https:\/\/www.kreischberg.at\/hu\/wp-json\/wp\/v2\/pages"}],"about":[{"href":"https:\/\/www.kreischberg.at\/hu\/wp-json\/wp\/v2\/types\/page"}],"author":[{"embeddable":true,"href":"https:\/\/www.kreischberg.at\/hu\/wp-json\/wp\/v2\/users\/1"}],"replies":[{"embeddable":true,"href":"https:\/\/www.kreischberg.at\/hu\/wp-json\/wp\/v2\/comments?post=2819"}],"version-history":[{"count":6,"href":"https:\/\/www.kreischberg.at\/hu\/wp-json\/wp\/v2\/pages\/2819\/revisions"}],"predecessor-version":[{"id":3178,"href":"https:\/\/www.kreischberg.at\/hu\/wp-json\/wp\/v2\/pages\/2819\/revisions\/3178"}],"wp:attachment":[{"href":"https:\/\/www.kreischberg.at\/hu\/wp-json\/wp\/v2\/media?parent=2819"}],"curies":[{"name":"wp","href":"https:\/\/api.w.org\/{rel}","templated":true}]}}