{"id":2812,"date":"2023-09-25T10:34:21","date_gmt":"2023-09-25T08:34:21","guid":{"rendered":"https:\/\/www.kreischberg.at\/szolgaltatas\/wetter\/"},"modified":"2024-04-23T09:04:26","modified_gmt":"2024-04-23T07:04:26","slug":"idojaras","status":"publish","type":"page","link":"https:\/\/www.kreischberg.at\/hu\/szolgaltatas\/idojaras\/","title":{"rendered":"Id\u0151j\u00e1r\u00e1s"},"content":{"rendered":"<div class=\"acf-fc-column acf-fc-column-1\">\n<h1>Ilyen id\u0151ben, hol m\u00e1shol, mint Kreischbergen!<\/h1>\n<\/p><\/div>\n<p><a href=\"https:\/\/www.kreischberg.at\/service\/wetter\/\">Wetter<\/a><\/p>\n<div class=\"acf-fc-column acf-fc-column-1\">\n<h2>Aj\u00e1nlatok &amp; Kedvezm\u00e9nyek<\/h2>\n<\/p><\/div>\n","protected":false},"excerpt":{"rendered":"<p>Ilyen id\u0151ben, hol m\u00e1shol, mint Kreischbergen! Wetter Aj\u00e1nlatok &amp; Kedvezm\u00e9nyek<\/p>\n","protected":false},"author":3,"featured_media":922,"parent":2790,"menu_order":0,"comment_status":"closed","ping_status":"closed","template":"","meta":{"_acf_changed":false,"footnotes":""},"class_list":["post-2812","page","type-page","status-publish","has-post-thumbnail","hentry"],"acf":[],"_links":{"self":[{"href":"https:\/\/www.kreischberg.at\/hu\/wp-json\/wp\/v2\/pages\/2812","targetHints":{"allow":["GET"]}}],"collection":[{"href":"https:\/\/www.kreischberg.at\/hu\/wp-json\/wp\/v2\/pages"}],"about":[{"href":"https:\/\/www.kreischberg.at\/hu\/wp-json\/wp\/v2\/types\/page"}],"author":[{"embeddable":true,"href":"https:\/\/www.kreischberg.at\/hu\/wp-json\/wp\/v2\/users\/3"}],"replies":[{"embeddable":true,"href":"https:\/\/www.kreischberg.at\/hu\/wp-json\/wp\/v2\/comments?post=2812"}],"version-history":[{"count":4,"href":"https:\/\/www.kreischberg.at\/hu\/wp-json\/wp\/v2\/pages\/2812\/revisions"}],"predecessor-version":[{"id":3524,"href":"https:\/\/www.kreischberg.at\/hu\/wp-json\/wp\/v2\/pages\/2812\/revisions\/3524"}],"up":[{"embeddable":true,"href":"https:\/\/www.kreischberg.at\/hu\/wp-json\/wp\/v2\/pages\/2790"}],"wp:featuredmedia":[{"embeddable":true,"href":"https:\/\/www.kreischberg.at\/hu\/wp-json\/wp\/v2\/media\/922"}],"wp:attachment":[{"href":"https:\/\/www.kreischberg.at\/hu\/wp-json\/wp\/v2\/media?parent=2812"}],"curies":[{"name":"wp","href":"https:\/\/api.w.org\/{rel}","templated":true}]}}