{"id":2798,"date":"2023-08-10T18:37:59","date_gmt":"2023-08-10T16:37:59","guid":{"rendered":"https:\/\/www.kreischberg.at\/szolgaltatas\/anreise\/"},"modified":"2026-01-02T15:15:19","modified_gmt":"2026-01-02T14:15:19","slug":"utazas","status":"publish","type":"page","link":"https:\/\/www.kreischberg.at\/hu\/szolgaltatas\/utazas\/","title":{"rendered":"Utaz\u00e1s"},"content":{"rendered":"<div class=\"acf-fc-column acf-fc-column-1\">\n<h1>Utaz\u00e1s<\/h1>\n<h2 class=\"h5\">Utaz\u00e1s t\u00f6megk\u00f6zleked\u00e9ssel:<\/h2>\n<p><a class=\"button\" href=\"http:\/\/verkehrsauskunft.verbundlinie.at\/index.html#!Z|Kreischbergstra%C3%9Fe%201,%208861%20St.%20Georgen%20am%20Kreischberg\" target=\"_blank\" rel=\"noopener\">BusBahnBim-Auskunft<\/a><\/p>\n<\/p><\/div>\n<div class=\"acf-fc-column acf-fc-column-1\">\n<p>Vedd meg \u00e9lm\u00e9nyjegyedet online, amely s\u00edb\u00e9rletet \u00e9s vonatoz\u00e1st tartalmaz \u00e9s \u00e9lvezd a kedvezm\u00e9nyes \u00f6ssz\u00e1r el\u0151ny\u00e9t.<br \/>\n<a class=\"button-small\" href=\"https:\/\/erlebnistickets.railtours.at\/de\/stories\/kreischberg-murau\">Tov\u00e1bbi inform\u00e1ci\u00f3<\/a><\/p>\n<\/p><\/div>\n","protected":false},"excerpt":{"rendered":"<p>Utaz\u00e1s Utaz\u00e1s t\u00f6megk\u00f6zleked\u00e9ssel: BusBahnBim-Auskunft Vedd meg \u00e9lm\u00e9nyjegyedet online, amely s\u00edb\u00e9rletet \u00e9s vonatoz\u00e1st tartalmaz \u00e9s \u00e9lvezd a kedvezm\u00e9nyes \u00f6ssz\u00e1r el\u0151ny\u00e9t. Tov\u00e1bbi inform\u00e1ci\u00f3<\/p>\n","protected":false},"author":1,"featured_media":0,"parent":2790,"menu_order":0,"comment_status":"closed","ping_status":"closed","template":"","meta":{"_acf_changed":false,"footnotes":""},"class_list":["post-2798","page","type-page","status-publish","hentry"],"acf":[],"_links":{"self":[{"href":"https:\/\/www.kreischberg.at\/hu\/wp-json\/wp\/v2\/pages\/2798","targetHints":{"allow":["GET"]}}],"collection":[{"href":"https:\/\/www.kreischberg.at\/hu\/wp-json\/wp\/v2\/pages"}],"about":[{"href":"https:\/\/www.kreischberg.at\/hu\/wp-json\/wp\/v2\/types\/page"}],"author":[{"embeddable":true,"href":"https:\/\/www.kreischberg.at\/hu\/wp-json\/wp\/v2\/users\/1"}],"replies":[{"embeddable":true,"href":"https:\/\/www.kreischberg.at\/hu\/wp-json\/wp\/v2\/comments?post=2798"}],"version-history":[{"count":2,"href":"https:\/\/www.kreischberg.at\/hu\/wp-json\/wp\/v2\/pages\/2798\/revisions"}],"predecessor-version":[{"id":4951,"href":"https:\/\/www.kreischberg.at\/hu\/wp-json\/wp\/v2\/pages\/2798\/revisions\/4951"}],"up":[{"embeddable":true,"href":"https:\/\/www.kreischberg.at\/hu\/wp-json\/wp\/v2\/pages\/2790"}],"wp:attachment":[{"href":"https:\/\/www.kreischberg.at\/hu\/wp-json\/wp\/v2\/media?parent=2798"}],"curies":[{"name":"wp","href":"https:\/\/api.w.org\/{rel}","templated":true}]}}