{"id":2794,"date":"2023-09-25T10:34:26","date_gmt":"2023-09-25T08:34:26","guid":{"rendered":"https:\/\/www.kreischberg.at\/szolgaltatas\/webcams\/"},"modified":"2025-04-29T11:58:34","modified_gmt":"2025-04-29T09:58:34","slug":"webkamera","status":"publish","type":"page","link":"https:\/\/www.kreischberg.at\/hu\/szolgaltatas\/webkamera\/","title":{"rendered":"Webkamera"},"content":{"rendered":"<div class=\"acf-fc-column acf-fc-column-1\">\n<h1>Webkamera<\/h1>\n<p>Kreischbergi webkamer\u00e1ink impoz\u00e1ns \u00e9l\u0151k\u00e9pet ny\u00fajtanak a l\u00e9legzetel\u00e1ll\u00edt\u00f3 alpesi t\u00e1jr\u00f3l. Megmutatj\u00e1k a r\u00e9gi\u00f3 k\u00f6rnyez\u0151 cs\u00facsait, h\u00f3val bor\u00edtott lejt\u0151it \u00e9s idilli v\u00f6lgyeit. Ak\u00e1r t\u00e9len, a lejt\u0151k\u00f6n s\u00edel\u00e9s k\u00f6zben, ak\u00e1r a t\u00f6bbi \u00e9vszakban, a Kreischbergen tal\u00e1lhat\u00f3 webkamer\u00e1ink mindig leny\u0171g\u00f6z\u0151 k\u00e9pet adnak err\u0151l a csod\u00e1latos term\u00e9szeti t\u00e1jr\u00f3l.<\/p>\n<\/p><\/div>\n<div class=\"acf-fc-column acf-fc-column-1\">\n<h2 class=\"h4\">Kreischberg &#8211; Eagle<\/h2>\n<p><iframe loading=\"lazy\" src=\"https:\/\/webtv.feratel.com\/webtv\/?design=v5&amp;cam=5408&amp;pc=Kreischberg - Eagle&amp;c27=1&amp;c32=0&amp;c1=0&amp;lg=hu\" width=\"100%\" height=\"auto\" frameborder=\"0\" allowfullscreen=\"allowfullscreen\"><\/iframe><\/p>\n<p>&nbsp;<\/p>\n<\/p><\/div>\n<div class=\"acf-fc-column acf-fc-column-2\">\n<h2 class=\"h4\">Kreischberg &#8211; Bergstation Kreischberg 10er<\/h2>\n<p><iframe loading=\"lazy\" src=\"https:\/\/webtv.feratel.com\/webtv\/?design=v5&amp;cam=5400&amp;pc=Kreischberg&amp;c27=1&amp;c32=0&amp;c1=0&amp;lg=hu\" width=\"100%\" height=\"auto\" frameborder=\"0\" allowfullscreen=\"allowfullscreen\"><\/iframe><!--\n<iframe loading=\"lazy\" src=\"https:\/\/webtv.feratel.com\/webtv\/?design=v4&amp;cam=5404&amp;pc=Kreischberg - Rosenkranz&amp;c27=1&amp;c32=0&amp;c1=0\" width=\"100%\" height=\"auto\" frameborder=\"0\" allowfullscreen=\"allowfullscreen\"><\/iframe>\n--><\/p>\n<\/p><\/div>\n<div class=\"acf-fc-column acf-fc-column-1\">\n<h2 class=\"h4\">Kreischberg &#8211; Talstation<\/h2>\n<p><iframe loading=\"lazy\" src=\"https:\/\/webtv.feratel.com\/webtv\/?design=v5&amp;cam=5409&amp;pc=Kreischberg - Talstation&amp;c27=1&amp;c32=0&amp;c1=0&amp;lg=hu\" width=\"100%\" height=\"auto\" frameborder=\"0\" allowfullscreen=\"allowfullscreen\"><\/iframe><\/p>\n<p>&nbsp;<\/p>\n<\/p><\/div>\n<div class=\"acf-fc-column acf-fc-column-2\">\n<h2 class=\"h4\">Murau<\/h2>\n<p><iframe loading=\"lazy\" src=\"https:\/\/webtv.feratel.com\/webtv\/?design=v5&amp;cam=5402&amp;pc=Stadt Murau&amp;c27=1&amp;c32=0&amp;c1=0&amp;lg=hu\" width=\"100%\" height=\"auto\" frameborder=\"0\" allowfullscreen=\"allowfullscreen\"><\/iframe><\/p>\n<\/p><\/div>\n<div class=\"acf-fc-column acf-fc-column-1\">\n<h2 class=\"h4\">Kreischberg &#8211; Flying Cam<\/h2>\n<p><!---\n<iframe loading=\"lazy\" src=\"https:\/\/webtv.feratel.com\/webtv\/?cam=75400&amp;design=v5&amp;c0=0&amp;c2=1&amp;lg=hu&amp;s=0;pc=Kreischberg - Flying Cam&amp;c27=1&amp;c32=0&amp;c1=0\" width=\"100%\" height=\"auto\" frameborder=\"0\" allowfullscreen=\"allowfullscreen\"><\/iframe>\n---><br \/>\n<iframe loading=\"lazy\" src=\"https:\/\/webtv.feratel.com\/webtv\/?cam=75400&amp;t=2&amp;histfly=1&amp;design=v5&amp;c0=0&amp;c2=1&amp;lg=hu&amp;s=0\" width=\"100%\" height=\"auto\" frameborder=\"0\" allowfullscreen=\"allowfullscreen\"><\/iframe><\/p>\n<p>&nbsp;<\/p>\n<\/p><\/div>\n<div class=\"acf-fc-column acf-fc-column-2\">\n\t\t\t<\/div>\n","protected":false},"excerpt":{"rendered":"<p>Webkamera Kreischbergi webkamer\u00e1ink impoz\u00e1ns \u00e9l\u0151k\u00e9pet ny\u00fajtanak a l\u00e9legzetel\u00e1ll\u00edt\u00f3 alpesi t\u00e1jr\u00f3l. Megmutatj\u00e1k a r\u00e9gi\u00f3 k\u00f6rnyez\u0151 cs\u00facsait, h\u00f3val bor\u00edtott lejt\u0151it \u00e9s idilli v\u00f6lgyeit. Ak\u00e1r t\u00e9len, a lejt\u0151k\u00f6n s\u00edel\u00e9s k\u00f6zben, ak\u00e1r a t\u00f6bbi \u00e9vszakban, a Kreischbergen tal\u00e1lhat\u00f3 webkamer\u00e1ink mindig leny\u0171g\u00f6z\u0151 k\u00e9pet adnak err\u0151l a csod\u00e1latos term\u00e9szeti t\u00e1jr\u00f3l. Kreischberg &#8211; Eagle &nbsp; Kreischberg &#8211; Bergstation Kreischberg 10er Kreischberg &#8211; [&hellip;]<\/p>\n","protected":false},"author":3,"featured_media":0,"parent":2790,"menu_order":0,"comment_status":"closed","ping_status":"closed","template":"","meta":{"_acf_changed":false,"footnotes":""},"class_list":["post-2794","page","type-page","status-publish","hentry"],"acf":[],"_links":{"self":[{"href":"https:\/\/www.kreischberg.at\/hu\/wp-json\/wp\/v2\/pages\/2794","targetHints":{"allow":["GET"]}}],"collection":[{"href":"https:\/\/www.kreischberg.at\/hu\/wp-json\/wp\/v2\/pages"}],"about":[{"href":"https:\/\/www.kreischberg.at\/hu\/wp-json\/wp\/v2\/types\/page"}],"author":[{"embeddable":true,"href":"https:\/\/www.kreischberg.at\/hu\/wp-json\/wp\/v2\/users\/3"}],"replies":[{"embeddable":true,"href":"https:\/\/www.kreischberg.at\/hu\/wp-json\/wp\/v2\/comments?post=2794"}],"version-history":[{"count":6,"href":"https:\/\/www.kreischberg.at\/hu\/wp-json\/wp\/v2\/pages\/2794\/revisions"}],"predecessor-version":[{"id":4279,"href":"https:\/\/www.kreischberg.at\/hu\/wp-json\/wp\/v2\/pages\/2794\/revisions\/4279"}],"up":[{"embeddable":true,"href":"https:\/\/www.kreischberg.at\/hu\/wp-json\/wp\/v2\/pages\/2790"}],"wp:attachment":[{"href":"https:\/\/www.kreischberg.at\/hu\/wp-json\/wp\/v2\/media?parent=2794"}],"curies":[{"name":"wp","href":"https:\/\/api.w.org\/{rel}","templated":true}]}}