{"id":2781,"date":"2023-09-25T10:15:25","date_gmt":"2023-09-25T08:15:25","guid":{"rendered":"https:\/\/www.kreischberg.at\/jegyek-arak\/steiermark-joker\/"},"modified":"2024-07-11T12:14:06","modified_gmt":"2024-07-11T10:14:06","slug":"steiermark-joker","status":"publish","type":"page","link":"https:\/\/www.kreischberg.at\/hu\/jegyek-arak\/steiermark-joker\/","title":{"rendered":"Steiermark-Joker"},"content":{"rendered":"<div class=\"acf-fc-column acf-fc-column-1\">\n<h1>Steiermark Joker<\/h1>\n<p class=\"h6\">Kombin\u00e1lt b\u00e9rlet s\u00ed- \u00e9s wellness-\u00e9lm\u00e9ny egyben!<\/p>\n<p>Tov\u00e1bbi inform\u00e1ci\u00f3: <a href=\"https:\/\/www.steiermarkjoker.at\/\" target=\"_blank\" rel=\"noopener\">www.steiermarkjoker.at<\/a><\/p>\n<\/p><\/div>\n","protected":false},"excerpt":{"rendered":"<p>Steiermark Joker Kombin\u00e1lt b\u00e9rlet s\u00ed- \u00e9s wellness-\u00e9lm\u00e9ny egyben! Tov\u00e1bbi inform\u00e1ci\u00f3: www.steiermarkjoker.at<\/p>\n","protected":false},"author":3,"featured_media":0,"parent":2679,"menu_order":0,"comment_status":"closed","ping_status":"closed","template":"","meta":{"_acf_changed":false,"footnotes":""},"class_list":["post-2781","page","type-page","status-publish","hentry"],"acf":[],"_links":{"self":[{"href":"https:\/\/www.kreischberg.at\/hu\/wp-json\/wp\/v2\/pages\/2781","targetHints":{"allow":["GET"]}}],"collection":[{"href":"https:\/\/www.kreischberg.at\/hu\/wp-json\/wp\/v2\/pages"}],"about":[{"href":"https:\/\/www.kreischberg.at\/hu\/wp-json\/wp\/v2\/types\/page"}],"author":[{"embeddable":true,"href":"https:\/\/www.kreischberg.at\/hu\/wp-json\/wp\/v2\/users\/3"}],"replies":[{"embeddable":true,"href":"https:\/\/www.kreischberg.at\/hu\/wp-json\/wp\/v2\/comments?post=2781"}],"version-history":[{"count":2,"href":"https:\/\/www.kreischberg.at\/hu\/wp-json\/wp\/v2\/pages\/2781\/revisions"}],"predecessor-version":[{"id":3037,"href":"https:\/\/www.kreischberg.at\/hu\/wp-json\/wp\/v2\/pages\/2781\/revisions\/3037"}],"up":[{"embeddable":true,"href":"https:\/\/www.kreischberg.at\/hu\/wp-json\/wp\/v2\/pages\/2679"}],"wp:attachment":[{"href":"https:\/\/www.kreischberg.at\/hu\/wp-json\/wp\/v2\/media?parent=2781"}],"curies":[{"name":"wp","href":"https:\/\/api.w.org\/{rel}","templated":true}]}}