{"id":2768,"date":"2023-10-16T14:39:52","date_gmt":"2023-10-16T12:39:52","guid":{"rendered":"https:\/\/www.kreischberg.at\/jegyek-arak\/lieblings-steirer-saisonkarten\/"},"modified":"2023-12-14T13:53:12","modified_gmt":"2023-12-14T12:53:12","slug":"lieblings-steirer-szezonkartya","status":"publish","type":"page","link":"https:\/\/www.kreischberg.at\/hu\/jegyek-arak\/lieblings-steirer-szezonkartya\/","title":{"rendered":"Lieblings-Steirer szezonk\u00e1rtya"},"content":{"rendered":"<div class=\"acf-fc-column acf-fc-column-1\">\n<h1>Lieblings-Steirer szezonb\u00e9rletek<\/h1>\n<h5>\u00e9rv\u00e9nyes Kreischbergben \u00e9s Lachtalon<\/h5>\n<\/p><\/div>\n","protected":false},"excerpt":{"rendered":"<p>Lieblings-Steirer szezonb\u00e9rletek \u00e9rv\u00e9nyes Kreischbergben \u00e9s Lachtalon<\/p>\n","protected":false},"author":4,"featured_media":0,"parent":2679,"menu_order":0,"comment_status":"closed","ping_status":"closed","template":"","meta":{"_acf_changed":false,"footnotes":""},"class_list":["post-2768","page","type-page","status-publish","hentry"],"acf":[],"_links":{"self":[{"href":"https:\/\/www.kreischberg.at\/hu\/wp-json\/wp\/v2\/pages\/2768","targetHints":{"allow":["GET"]}}],"collection":[{"href":"https:\/\/www.kreischberg.at\/hu\/wp-json\/wp\/v2\/pages"}],"about":[{"href":"https:\/\/www.kreischberg.at\/hu\/wp-json\/wp\/v2\/types\/page"}],"author":[{"embeddable":true,"href":"https:\/\/www.kreischberg.at\/hu\/wp-json\/wp\/v2\/users\/4"}],"replies":[{"embeddable":true,"href":"https:\/\/www.kreischberg.at\/hu\/wp-json\/wp\/v2\/comments?post=2768"}],"version-history":[{"count":4,"href":"https:\/\/www.kreischberg.at\/hu\/wp-json\/wp\/v2\/pages\/2768\/revisions"}],"predecessor-version":[{"id":3038,"href":"https:\/\/www.kreischberg.at\/hu\/wp-json\/wp\/v2\/pages\/2768\/revisions\/3038"}],"up":[{"embeddable":true,"href":"https:\/\/www.kreischberg.at\/hu\/wp-json\/wp\/v2\/pages\/2679"}],"wp:attachment":[{"href":"https:\/\/www.kreischberg.at\/hu\/wp-json\/wp\/v2\/media?parent=2768"}],"curies":[{"name":"wp","href":"https:\/\/api.w.org\/{rel}","templated":true}]}}