{"id":2687,"date":"2023-09-25T10:07:19","date_gmt":"2023-09-25T08:07:19","guid":{"rendered":"https:\/\/www.kreischberg.at\/jegyek-arak\/vorteilswelt\/"},"modified":"2025-10-07T12:28:13","modified_gmt":"2025-10-07T10:28:13","slug":"elonyoek-vilaga","status":"publish","type":"page","link":"https:\/\/www.kreischberg.at\/hu\/jegyek-arak\/elonyoek-vilaga\/","title":{"rendered":"El\u0151ny\u00f6k vil\u00e1ga"},"content":{"rendered":"<div class=\"acf-fc-column acf-fc-column-1\">\n<h1>El\u0151ny\u00f6k vil\u00e1ga<\/h1>\n<\/p><\/div>\n","protected":false},"excerpt":{"rendered":"<p>El\u0151ny\u00f6k vil\u00e1ga<\/p>\n","protected":false},"author":3,"featured_media":0,"parent":2679,"menu_order":0,"comment_status":"closed","ping_status":"closed","template":"","meta":{"_acf_changed":false,"footnotes":""},"class_list":["post-2687","page","type-page","status-publish","hentry"],"acf":[],"_links":{"self":[{"href":"https:\/\/www.kreischberg.at\/hu\/wp-json\/wp\/v2\/pages\/2687","targetHints":{"allow":["GET"]}}],"collection":[{"href":"https:\/\/www.kreischberg.at\/hu\/wp-json\/wp\/v2\/pages"}],"about":[{"href":"https:\/\/www.kreischberg.at\/hu\/wp-json\/wp\/v2\/types\/page"}],"author":[{"embeddable":true,"href":"https:\/\/www.kreischberg.at\/hu\/wp-json\/wp\/v2\/users\/3"}],"replies":[{"embeddable":true,"href":"https:\/\/www.kreischberg.at\/hu\/wp-json\/wp\/v2\/comments?post=2687"}],"version-history":[{"count":6,"href":"https:\/\/www.kreischberg.at\/hu\/wp-json\/wp\/v2\/pages\/2687\/revisions"}],"predecessor-version":[{"id":4615,"href":"https:\/\/www.kreischberg.at\/hu\/wp-json\/wp\/v2\/pages\/2687\/revisions\/4615"}],"up":[{"embeddable":true,"href":"https:\/\/www.kreischberg.at\/hu\/wp-json\/wp\/v2\/pages\/2679"}],"wp:attachment":[{"href":"https:\/\/www.kreischberg.at\/hu\/wp-json\/wp\/v2\/media?parent=2687"}],"curies":[{"name":"wp","href":"https:\/\/api.w.org\/{rel}","templated":true}]}}