{"id":2683,"date":"2023-09-25T10:15:33","date_gmt":"2023-09-25T08:15:33","guid":{"rendered":"https:\/\/www.kreischberg.at\/jegyek-arak\/infos-stichtage\/"},"modified":"2025-06-10T10:10:29","modified_gmt":"2025-06-10T08:10:29","slug":"informaciok-fordulonapok","status":"publish","type":"page","link":"https:\/\/www.kreischberg.at\/hu\/jegyek-arak\/informaciok-fordulonapok\/","title":{"rendered":"Inform\u00e1ci\u00f3k &#038; Fordul\u00f3napok"},"content":{"rendered":"<div class=\"acf-fc-column acf-fc-column-1\">\n<h1>Inform\u00e1ci\u00f3k &amp; Fordul\u00f3napok<\/h1>\n<\/p><\/div>\n<div class=\"acf-fc-column acf-fc-column-1\">\n<h2 class=\"h3\">Korhat\u00e1rok<\/h2>\n<ul class=\"list-item-color-accent type-trianglebigger gap-large\">\n<li><strong>Gyermek 3 \u00e9ves korig<\/strong> (\u201cYoung-Family-Ticket\u201c): 2023-ban sz\u00fcletett \u00e9s fiatalabb kisgyermek eset\u00e9n<\/li>\n<li><strong>Gyermek 6 \u00e9ves korig<\/strong> (2020 \u00e9s fiatalabb) INGYENES<\/li>\n<li><strong>Gyermek:<\/strong> 2010 \u2013 2019<\/li>\n<li><strong>Junior:<\/strong> 2000 \u2013 2009<\/li>\n<li><strong>U28 (Szezonk\u00e1rtya):<\/strong> 1997-\u00f6s sz\u00fclet\u00e9si \u00e9vig<\/li>\n<\/ul>\n<p>&nbsp;<\/p>\n<\/p><\/div>\n<div class=\"acf-fc-column acf-fc-column-2\">\n<h2 class=\"h3\">Nyitvatart\u00e1s \/ Szezon-id\u0151pontok<\/h2>\n<ul class=\"type-trianglebigger list-item-color-accent gap-large\">\n<li><strong>2025\/26-es szezonkezd\u00e9s: <\/strong>2025.12.05<\/li>\n<li><strong>El\u0151szezon<\/strong>: 2025.12.05 \u2013 2025.12.24.<\/li>\n<li><strong>F\u0151szezon<\/strong>: 2025.12.25 \u2013 2026.03.15.<\/li>\n<li><strong>Ut\u00f3szezon<\/strong>: 2026.03.16 \u2013 2026.04.06.<\/li>\n<li><strong>Szezon v\u00e9ge<\/strong>: 2026.04.06.<\/li>\n<li><strong>Napi nyitvatart\u00e1s<\/strong>: 8:30 \u2013 16:00<\/li>\n<\/ul><\/div>\n<div class=\"acf-fc-column acf-fc-column-1\">\n<h2 class=\"h3\">Fizet\u00e9si lehet\u0151s\u00e9gek<\/h2>\n<ul class=\"type-trianglebigger list-item-color-accent\">\n<li>K\u00e9szp\u00e9nz<\/li>\n<li>Debitkarte (bankk\u00e1rtya)<\/li>\n<li>Kreditk\u00e1rtya: Mastercard, VISA<\/li>\n<\/ul>\n<h2 class=\"h3\">Banki kapcsolat<\/h2>\n<p><strong>Murtal Seilbahnen Betriebs GmbH<\/strong><br \/>\nRaiffeisenbank Murau<br \/>\nIBAN: AT97 3840 2000 0970 1053, BIC: RZSTAT2G402<\/p>\n<p>&nbsp;<\/p>\n<\/p><\/div>\n<div class=\"acf-fc-column acf-fc-column-2\">\n<h2 class=\"h3\">Bel\u00e9ptet\u0151 rendszer<\/h2>\n<p>A kreischbergi jegyrendszer kulcsk\u00e1rtya (KEY-Card) haszn\u00e1lat\u00e1val \u00e9rint\u00e9smentesen m\u0171k\u00f6dik.<br \/>\nEz l\u00e9nyegesen nagyobb k\u00e9nyelmet jelent vend\u00e9geink sz\u00e1m\u00e1ra, mivel \u00edgy nem kell a m\u00e1gnesk\u00e1rty\u00e1t minden egyes bej\u00e1ratn\u00e1l a beleptet\u0151 rendszerbe helyezni. A k\u00e1rtya a s\u00eddzsekiben marad \u00e9s ellen\u0151rz\u00e9se \u00e9rint\u00e9s n\u00e9lk\u00fcl t\u00f6rt\u00e9nik.<br \/>\nA Key-Card-\u00e9rt a s\u00edb\u00e9rlet megv\u00e1s\u00e1rl\u00e1sakor k\u00e1rty\u00e1nk\u00e9nt tov\u00e1bbi 3 eur\u00f3 let\u00e9ti d\u00edjat kell fizetni. A k\u00e1rtya visszaad\u00e1sakor ez a let\u00e9ti d\u00edj visszaj\u00e1r.<br \/>\nA Key-Card azonban ezzel a rendszerrel tov\u00e1bbi s\u00ednapokra is felhaszn\u00e1lhat\u00f3 Kreischbergen vagy m\u00e1s s\u00edterepeken.<br \/>\nA Key-cardot a leolvas\u00f3 \u00e9rint\u00e9smentesen olvassa le. Lehet\u0151leg bal oldalon kell elhelyezni.<\/p>\n<\/p><\/div>\n","protected":false},"excerpt":{"rendered":"<p>Inform\u00e1ci\u00f3k &amp; Fordul\u00f3napok Korhat\u00e1rok Gyermek 3 \u00e9ves korig (\u201cYoung-Family-Ticket\u201c): 2023-ban sz\u00fcletett \u00e9s fiatalabb kisgyermek eset\u00e9n Gyermek 6 \u00e9ves korig (2020 \u00e9s fiatalabb) INGYENES Gyermek: 2010 \u2013 2019 Junior: 2000 \u2013 2009 U28 (Szezonk\u00e1rtya): 1997-\u00f6s sz\u00fclet\u00e9si \u00e9vig &nbsp; Nyitvatart\u00e1s \/ Szezon-id\u0151pontok 2025\/26-es szezonkezd\u00e9s: 2025.12.05 El\u0151szezon: 2025.12.05 \u2013 2025.12.24. F\u0151szezon: 2025.12.25 \u2013 2026.03.15. Ut\u00f3szezon: 2026.03.16 \u2013 2026.04.06. [&hellip;]<\/p>\n","protected":false},"author":3,"featured_media":0,"parent":2679,"menu_order":0,"comment_status":"closed","ping_status":"closed","template":"","meta":{"_acf_changed":false,"footnotes":""},"class_list":["post-2683","page","type-page","status-publish","hentry"],"acf":[],"_links":{"self":[{"href":"https:\/\/www.kreischberg.at\/hu\/wp-json\/wp\/v2\/pages\/2683","targetHints":{"allow":["GET"]}}],"collection":[{"href":"https:\/\/www.kreischberg.at\/hu\/wp-json\/wp\/v2\/pages"}],"about":[{"href":"https:\/\/www.kreischberg.at\/hu\/wp-json\/wp\/v2\/types\/page"}],"author":[{"embeddable":true,"href":"https:\/\/www.kreischberg.at\/hu\/wp-json\/wp\/v2\/users\/3"}],"replies":[{"embeddable":true,"href":"https:\/\/www.kreischberg.at\/hu\/wp-json\/wp\/v2\/comments?post=2683"}],"version-history":[{"count":6,"href":"https:\/\/www.kreischberg.at\/hu\/wp-json\/wp\/v2\/pages\/2683\/revisions"}],"predecessor-version":[{"id":4334,"href":"https:\/\/www.kreischberg.at\/hu\/wp-json\/wp\/v2\/pages\/2683\/revisions\/4334"}],"up":[{"embeddable":true,"href":"https:\/\/www.kreischberg.at\/hu\/wp-json\/wp\/v2\/pages\/2679"}],"wp:attachment":[{"href":"https:\/\/www.kreischberg.at\/hu\/wp-json\/wp\/v2\/media?parent=2683"}],"curies":[{"name":"wp","href":"https:\/\/api.w.org\/{rel}","templated":true}]}}