{"id":2679,"date":"2023-08-10T18:36:12","date_gmt":"2023-08-10T16:36:12","guid":{"rendered":"https:\/\/www.kreischberg.at\/tickets-preise\/"},"modified":"2024-11-22T11:32:43","modified_gmt":"2024-11-22T10:32:43","slug":"jegyek-arak","status":"publish","type":"page","link":"https:\/\/www.kreischberg.at\/hu\/jegyek-arak\/","title":{"rendered":"Jegyek &#038; \u00c1rak"},"content":{"rendered":"<div class=\"acf-fc-column acf-fc-column-1\">\n<h1>Jegyek, \u00e1rak &amp; inform\u00e1ci\u00f3k<\/h1>\n<\/p><\/div>\n<div class=\"acf-fc-column acf-fc-column-1\">\n<h2 class=\"h3\">Kreischberg \u2013 El\u0151nyeid itt!<\/h2>\n<\/p><\/div>\n<div class=\"acf-fc-column acf-fc-column-1\">\n<ul class=\"type-trianglebigger gap-large\">\n<li>Parkol\u00f3hely: k\u00f6zvetlen\u00fcl a v\u00f6lgy\u00e1llom\u00e1son \u2013 sz\u00e1razon \u00e9s tiszt\u00e1n az utc\u00e1r\u00f3l a lejt\u0151re !<\/li>\n<li>42 km extra sz\u00e9les \u2013 a m\u00e1r j\u00f3l ismert kreischberg min\u0151s\u00e9gben, mindig kiv\u00e1l\u00f3an elk\u00e9sz\u00edtett \u00e9s t\u00f6bbsz\u00f6r\u00f6sen kit\u00fcntetett s\u00edp\u00e1ly\u00e1k<\/li>\n<li><a href=\"https:\/\/www.kreischberg.at\/hu\/palyak\/felvonok\/\">13 felvon\u00f3 \u00e9s lift:<\/a><br \/>\nLeggyorsabban a p\u00e1ly\u00e1kra \u00e9s sz\u00e1mos \u00e9lm\u00e9nypontra<\/li>\n<li>Babylift und var\u00e1zssz\u0151nyeg<\/li>\n<li>Kezdje s\u00ednapj\u00e1t k\u00e9nyelmesen, an\u00e9lk\u00fcl hogy sorban \u00e1llna a p\u00e9nzt\u00e1rn\u00e1l:<br \/>\n<a href=\"https:\/\/kreischberg.shop.starjack.com\/\">Online s\u00edb\u00e9rlet v\u00e1s\u00e1rl\u00e1s itt.<\/a><\/li>\n<li>Kreischberg und Lachtal: K\u00e9t s\u00edter\u00fclet &#8211; egy b\u00e9rlet<\/li>\n<\/ul><\/div>\n<div class=\"acf-fc-column acf-fc-column-2\">\n<ul class=\"type-trianglebigger gap-large\">\n<li><strong>Csal\u00e1di-kedvezm\u00e9ny:<\/strong> Legal\u00e1bb egy sz\u00fcl\u0151 k\u00eds\u00e9ret\u00e9ben csak k\u00e9t gyermek ill. junior fizet! A tov\u00e1bbi gyermekek ingyenesek! (Igazolni sz\u00fcks\u00e9ges \u2013 pl. csal\u00e1di igazolv\u00e1ny\u2026 bemutat\u00e1s\u00e1val)<\/li>\n<li><strong>Lift\u00fczem naponta m\u00e1r 8.30 -t\u00f3l !<\/strong><\/li>\n<li><strong>WLAN-pontok<\/strong> Eagle-n\u00e9l, a kabinos felvon\u00f3 hegyi \u00e1llom\u00e1s\u00e1n \u00e9s a v\u00f6lgy\u00e1llom\u00e1s ter\u00fclet\u00e9n<\/li>\n<li><strong>Ingyen Kreischberg-ig<\/strong> &#8211; a Steierm\u00e4rkischen Landesbahn valamennyi vonat- illetve buszj\u00e1rat\u00e1val<\/li>\n<li>Mindig nagyszer\u0171 havas p\u00e1ly\u00e1k \u2013 a nagy <a href=\"https:\/\/www.kreischberg.at\/hu\/palyak\/hogarancia\/\">teljes\u00edtm\u00e9ny\u0171 h\u00f3\u00e1gy\u00faz\u00f3<\/a> rendszernek k\u00f6sz\u00f6nhet\u0151en, az Energie Steiermark megb\u00edzhat\u00f3 energi\u00e1j\u00e1val<\/li>\n<li>Gyorsas\u00e1gi \u00e9s \u00e1lland\u00f3 versenyp\u00e1lya<\/li>\n<\/ul><\/div>\n<div class=\"acf-fc-column acf-fc-column-1\">\n<h2>Aj\u00e1nlatok &amp; El\u0151ny\u00f6k<\/h2>\n<\/p><\/div>\n<div class=\"acf-fc-column acf-fc-column-1\">\n<ul>\n<li><a href=\"https:\/\/www.kreischberg.at\/hu\/szallasfoglalas\/\">Foglaljon sz\u00e1ll\u00e1st !<\/a><\/li>\n<li><a href=\"https:\/\/www.kreischberg.at\/hu\/jegyek-arak\/napijegyek\/\">Napi jegyek<\/a><\/li>\n<li><a href=\"https:\/\/www.kreischberg.at\/hu\/jegyek-arak\/toebbnapos-jegyek-kreischberg-es-lachtal\/\">T\u00f6bbnapos jegyek Kreischberg \u00e9s Lachtal<\/a><\/li>\n<li><a href=\"https:\/\/www.kreischberg.at\/hu\/jegyek-arak\/buszos-csoportok\/\">Buszos csoportok<\/a><\/li>\n<li><a href=\"https:\/\/www.kreischberg.at\/hu\/jegyek-arak\/lieblings-steirer-szezonkartya\/\">Lieblings-Steirer szezonk\u00e1rtya<\/a><\/li>\n<li><a href=\"https:\/\/www.kreischberg.at\/hu\/jegyek-arak\/mur-muerz-top-siberlet\/\">Mur-M\u00fcrz Top-s\u00edb\u00e9rlet<\/a><\/li>\n<li><a href=\"https:\/\/www.kreischberg.at\/hu\/jegyek-arak\/steiermark-joker\/\">Steiermark-Joker<\/a><\/li>\n<li><a href=\"https:\/\/www.kreischberg.at\/hu\/jegyek-arak\/informaciok-fordulonapok\/\">Infos &amp; Stichtage<\/a><\/li>\n<li><a href=\"https:\/\/www.kreischberg.at\/hu\/jegyek-arak\/elonyoek-vilaga\/\">El\u00f6ny\u00f6k vil\u00e1ga<\/a><\/li>\n<\/ul><\/div>\n","protected":false},"excerpt":{"rendered":"<p>Jegyek, \u00e1rak &amp; inform\u00e1ci\u00f3k Kreischberg \u2013 El\u0151nyeid itt! Parkol\u00f3hely: k\u00f6zvetlen\u00fcl a v\u00f6lgy\u00e1llom\u00e1son \u2013 sz\u00e1razon \u00e9s tiszt\u00e1n az utc\u00e1r\u00f3l a lejt\u0151re ! 42 km extra sz\u00e9les \u2013 a m\u00e1r j\u00f3l ismert kreischberg min\u0151s\u00e9gben, mindig kiv\u00e1l\u00f3an elk\u00e9sz\u00edtett \u00e9s t\u00f6bbsz\u00f6r\u00f6sen kit\u00fcntetett s\u00edp\u00e1ly\u00e1k 13 felvon\u00f3 \u00e9s lift: Leggyorsabban a p\u00e1ly\u00e1kra \u00e9s sz\u00e1mos \u00e9lm\u00e9nypontra Babylift und var\u00e1zssz\u0151nyeg Kezdje s\u00ednapj\u00e1t k\u00e9nyelmesen, [&hellip;]<\/p>\n","protected":false},"author":1,"featured_media":0,"parent":0,"menu_order":0,"comment_status":"closed","ping_status":"closed","template":"","meta":{"_acf_changed":false,"footnotes":""},"class_list":["post-2679","page","type-page","status-publish","hentry"],"acf":[],"_links":{"self":[{"href":"https:\/\/www.kreischberg.at\/hu\/wp-json\/wp\/v2\/pages\/2679","targetHints":{"allow":["GET"]}}],"collection":[{"href":"https:\/\/www.kreischberg.at\/hu\/wp-json\/wp\/v2\/pages"}],"about":[{"href":"https:\/\/www.kreischberg.at\/hu\/wp-json\/wp\/v2\/types\/page"}],"author":[{"embeddable":true,"href":"https:\/\/www.kreischberg.at\/hu\/wp-json\/wp\/v2\/users\/1"}],"replies":[{"embeddable":true,"href":"https:\/\/www.kreischberg.at\/hu\/wp-json\/wp\/v2\/comments?post=2679"}],"version-history":[{"count":6,"href":"https:\/\/www.kreischberg.at\/hu\/wp-json\/wp\/v2\/pages\/2679\/revisions"}],"predecessor-version":[{"id":3975,"href":"https:\/\/www.kreischberg.at\/hu\/wp-json\/wp\/v2\/pages\/2679\/revisions\/3975"}],"wp:attachment":[{"href":"https:\/\/www.kreischberg.at\/hu\/wp-json\/wp\/v2\/media?parent=2679"}],"curies":[{"name":"wp","href":"https:\/\/api.w.org\/{rel}","templated":true}]}}