{"id":2648,"date":"2023-08-10T18:35:09","date_gmt":"2023-08-10T16:35:09","guid":{"rendered":"https:\/\/www.kreischberg.at\/pisten\/"},"modified":"2025-10-29T08:26:02","modified_gmt":"2025-10-29T07:26:02","slug":"palyak","status":"publish","type":"page","link":"https:\/\/www.kreischberg.at\/hu\/palyak\/","title":{"rendered":"P\u00e1ly\u00e1k"},"content":{"rendered":"<div class=\"acf-fc-column acf-fc-column-1\">\n<h1>Els\u0151rang\u00fa p\u00e1ly\u00e1k<\/h1>\n<\/p><\/div>\n<div class=\"acf-fc-column acf-fc-column-1\">\n<h2>#FeelsLikeKreischberg<\/h2>\n<p>Kreischberg lejt\u0151i a kezd\u0151 \u00e9s halad\u00f3 s\u00edel\u0151k sz\u00e1m\u00e1ra egyar\u00e1nt kih\u00edv\u00e1st jelentenek. A modern felvon\u00f3k biztos\u00edtj\u00e1k a p\u00e1ly\u00e1k z\u00f6kken\u0151mentes el\u00e9r\u00e9s\u00e9t. A k\u00f6rnyez\u0151 hegyi panor\u00e1ma egyszer\u0171en l\u00e9legzetel\u00e1ll\u00edt\u00f3. A p\u00e1ly\u00e1k ment\u00e9n sz\u00e1mos lehet\u0151s\u00e9g van a felfriss\u00fcl\u00e9sre.<br \/>\n\u00d6sszesen 42 km-nyi els\u0151 oszt\u00e1ly\u00fa s\u00edp\u00e1lya, 13 felvon\u00f3 \u00e9s lift tal\u00e1lhat\u00f3 itt, valamint a jobb t\u00e1j\u00e9koz\u00f3d\u00e1s \u00e9rdek\u00e9ben a pontos p\u00e1lyat\u00e9rk\u00e9p is elengedhetetlen egy Kreischbergben elt\u00f6lt\u00f6tt sikeres s\u00ednaphoz.<\/p>\n<p><a class=\"button\" href=\"https:\/\/www.kreischberg.at\/hu\/palyak\/palyaterkep\/\">S\u00edt\u00e9rk\u00e9p itt<\/a><\/p>\n<\/p><\/div>\n<div class=\"acf-fc-column acf-fc-column-1\">\n<h2>D\u00edjak Kreischbergnek<\/h2>\n<\/p><\/div>\n<div class=\"acf-fc-column acf-fc-column-1\">\n<h3><img loading=\"lazy\" decoding=\"async\" class=\"aligncenter wp-image-4624 size-content_medium\" src=\"https:\/\/www.kreischberg.at\/wp-content\/uploads\/2025\/10\/Kreischberg-Wi25-300x117.png\" alt=\"\" width=\"300\" height=\"117\" srcset=\"https:\/\/www.kreischberg.at\/wp-content\/uploads\/2025\/10\/Kreischberg-Wi25-300x117.png 300w, https:\/\/www.kreischberg.at\/wp-content\/uploads\/2025\/10\/Kreischberg-Wi25-768x300.png 768w, https:\/\/www.kreischberg.at\/wp-content\/uploads\/2025\/10\/Kreischberg-Wi25-1024x399.png 1024w, https:\/\/www.kreischberg.at\/wp-content\/uploads\/2025\/10\/Kreischberg-Wi25-1536x599.png 1536w, https:\/\/www.kreischberg.at\/wp-content\/uploads\/2025\/10\/Kreischberg-Wi25-205x80.png 205w, https:\/\/www.kreischberg.at\/wp-content\/uploads\/2025\/10\/Kreischberg-Wi25-150x59.png 150w, https:\/\/www.kreischberg.at\/wp-content\/uploads\/2025\/10\/Kreischberg-Wi25-200x78.png 200w, https:\/\/www.kreischberg.at\/wp-content\/uploads\/2025\/10\/Kreischberg-Wi25-250x98.png 250w, https:\/\/www.kreischberg.at\/wp-content\/uploads\/2025\/10\/Kreischberg-Wi25-350x137.png 350w, https:\/\/www.kreischberg.at\/wp-content\/uploads\/2025\/10\/Kreischberg-Wi25-400x156.png 400w, https:\/\/www.kreischberg.at\/wp-content\/uploads\/2025\/10\/Kreischberg-Wi25-800x312.png 800w, https:\/\/www.kreischberg.at\/wp-content\/uploads\/2025\/10\/Kreischberg-Wi25-650x254.png 650w, https:\/\/www.kreischberg.at\/wp-content\/uploads\/2025\/10\/Kreischberg-Wi25-1300x507.png 1300w, https:\/\/www.kreischberg.at\/wp-content\/uploads\/2025\/10\/Kreischberg-Wi25-412x161.png 412w, https:\/\/www.kreischberg.at\/wp-content\/uploads\/2025\/10\/Kreischberg-Wi25-359x140.png 359w, https:\/\/www.kreischberg.at\/wp-content\/uploads\/2025\/10\/Kreischberg-Wi25-438x171.png 438w, https:\/\/www.kreischberg.at\/wp-content\/uploads\/2025\/10\/Kreischberg-Wi25-645x252.png 645w, https:\/\/www.kreischberg.at\/wp-content\/uploads\/2025\/10\/Kreischberg-Wi25-271x106.png 271w, https:\/\/www.kreischberg.at\/wp-content\/uploads\/2025\/10\/Kreischberg-Wi25-420x164.png 420w, https:\/\/www.kreischberg.at\/wp-content\/uploads\/2025\/10\/Kreischberg-Wi25-1010x394.png 1010w, https:\/\/www.kreischberg.at\/wp-content\/uploads\/2025\/10\/Kreischberg-Wi25-1350x527.png 1350w, https:\/\/www.kreischberg.at\/wp-content\/uploads\/2025\/10\/Kreischberg-Wi25-690x269.png 690w, https:\/\/www.kreischberg.at\/wp-content\/uploads\/2025\/10\/Kreischberg-Wi25-910x355.png 910w, https:\/\/www.kreischberg.at\/wp-content\/uploads\/2025\/10\/Kreischberg-Wi25-560x218.png 560w, https:\/\/www.kreischberg.at\/wp-content\/uploads\/2025\/10\/Kreischberg-Wi25-192x75.png 192w, https:\/\/www.kreischberg.at\/wp-content\/uploads\/2025\/10\/Kreischberg-Wi25-256x100.png 256w, https:\/\/www.kreischberg.at\/wp-content\/uploads\/2025\/10\/Kreischberg-Wi25-333x130.png 333w, https:\/\/www.kreischberg.at\/wp-content\/uploads\/2025\/10\/Kreischberg-Wi25-513x200.png 513w, https:\/\/www.kreischberg.at\/wp-content\/uploads\/2025\/10\/Kreischberg-Wi25-769x300.png 769w, https:\/\/www.kreischberg.at\/wp-content\/uploads\/2025\/10\/Kreischberg-Wi25-1025x400.png 1025w, https:\/\/www.kreischberg.at\/wp-content\/uploads\/2025\/10\/Kreischberg-Wi25-1920x749.png 1920w\" sizes=\"auto, (max-width: 300px) 100vw, 300px\" data-lightbox-title=\"Kreischberg Wi25\" data-lightbox-alt=\"\" data-lightbox-caption=\"\" data-lightbox-srcset=\"https:\/\/www.kreischberg.at\/wp-content\/uploads\/2025\/10\/Kreischberg-Wi25-250x98.png 250w, https:\/\/www.kreischberg.at\/wp-content\/uploads\/2025\/10\/Kreischberg-Wi25-300x117.png 300w, https:\/\/www.kreischberg.at\/wp-content\/uploads\/2025\/10\/Kreischberg-Wi25-768x300.png 768w, https:\/\/www.kreischberg.at\/wp-content\/uploads\/2025\/10\/Kreischberg-Wi25-1024x399.png 1024w, https:\/\/www.kreischberg.at\/wp-content\/uploads\/2025\/10\/Kreischberg-Wi25-1536x599.png 1536w, https:\/\/www.kreischberg.at\/wp-content\/uploads\/2025\/10\/Kreischberg-Wi25-205x80.png 205w, https:\/\/www.kreischberg.at\/wp-content\/uploads\/2025\/10\/Kreischberg-Wi25-150x59.png 150w, https:\/\/www.kreischberg.at\/wp-content\/uploads\/2025\/10\/Kreischberg-Wi25-200x78.png 200w, https:\/\/www.kreischberg.at\/wp-content\/uploads\/2025\/10\/Kreischberg-Wi25-350x137.png 350w, https:\/\/www.kreischberg.at\/wp-content\/uploads\/2025\/10\/Kreischberg-Wi25-400x156.png 400w, https:\/\/www.kreischberg.at\/wp-content\/uploads\/2025\/10\/Kreischberg-Wi25-800x312.png 800w, https:\/\/www.kreischberg.at\/wp-content\/uploads\/2025\/10\/Kreischberg-Wi25-650x254.png 650w, https:\/\/www.kreischberg.at\/wp-content\/uploads\/2025\/10\/Kreischberg-Wi25-1300x507.png 1300w, https:\/\/www.kreischberg.at\/wp-content\/uploads\/2025\/10\/Kreischberg-Wi25-412x161.png 412w, https:\/\/www.kreischberg.at\/wp-content\/uploads\/2025\/10\/Kreischberg-Wi25-359x140.png 359w, https:\/\/www.kreischberg.at\/wp-content\/uploads\/2025\/10\/Kreischberg-Wi25-438x171.png 438w, https:\/\/www.kreischberg.at\/wp-content\/uploads\/2025\/10\/Kreischberg-Wi25-645x252.png 645w, https:\/\/www.kreischberg.at\/wp-content\/uploads\/2025\/10\/Kreischberg-Wi25-271x106.png 271w, https:\/\/www.kreischberg.at\/wp-content\/uploads\/2025\/10\/Kreischberg-Wi25-420x164.png 420w, https:\/\/www.kreischberg.at\/wp-content\/uploads\/2025\/10\/Kreischberg-Wi25-1010x394.png 1010w, https:\/\/www.kreischberg.at\/wp-content\/uploads\/2025\/10\/Kreischberg-Wi25-1350x527.png 1350w, https:\/\/www.kreischberg.at\/wp-content\/uploads\/2025\/10\/Kreischberg-Wi25-690x269.png 690w, https:\/\/www.kreischberg.at\/wp-content\/uploads\/2025\/10\/Kreischberg-Wi25-910x355.png 910w, https:\/\/www.kreischberg.at\/wp-content\/uploads\/2025\/10\/Kreischberg-Wi25-560x218.png 560w, https:\/\/www.kreischberg.at\/wp-content\/uploads\/2025\/10\/Kreischberg-Wi25-192x75.png 192w, https:\/\/www.kreischberg.at\/wp-content\/uploads\/2025\/10\/Kreischberg-Wi25-256x100.png 256w, https:\/\/www.kreischberg.at\/wp-content\/uploads\/2025\/10\/Kreischberg-Wi25-333x130.png 333w, https:\/\/www.kreischberg.at\/wp-content\/uploads\/2025\/10\/Kreischberg-Wi25-513x200.png 513w, https:\/\/www.kreischberg.at\/wp-content\/uploads\/2025\/10\/Kreischberg-Wi25-769x300.png 769w, https:\/\/www.kreischberg.at\/wp-content\/uploads\/2025\/10\/Kreischberg-Wi25-1025x400.png 1025w, https:\/\/www.kreischberg.at\/wp-content\/uploads\/2025\/10\/Kreischberg-Wi25-1920x749.png 1920w\" data-lightbox-width=\"1920\" data-lightbox-height=\"749\" data-lightbox-thumb-src=\"https:\/\/www.kreischberg.at\/wp-content\/uploads\/2025\/10\/Kreischberg-Wi25-250x98.png\" data-lightbox-thumb-cropped=\"true\" data-lightbox-setup-ready=\"true\" \/><\/h3>\n<h2 class=\"h3\">A Nemzetk\u00f6zi Skiare Test legmagasabb d\u00edjai<\/h2>\n<ul class=\"type-trianglebigger list-item-color-accent\">\n<li>Nemzetk\u00f6zi s\u00edp\u00e1lya min\u0151s\u00edt\u00e9s n\u00e9gyszeres arany fokozat<\/li>\n<li>Sz\u00f3rakoz\u00e1s \u00e9s akci\u00f3 k\u00e9tszeres arany fokozat<\/li>\n<li>Legjobb P\u00e1lyacsapat<\/li>\n<li>H\u00f3\u00e1gy\u00faz\u00e1si Tr\u00f3fea dupla arany fokozat<\/li>\n<li>P\u00e1lyament\u00e9si- \u00e9s Biztons\u00e1gi Tr\u00f3fea<\/li>\n<li>Kaland- \u00e9s Csal\u00e1di Hegy dupla arany<\/li>\n<\/ul>\n<p>&nbsp;<\/p>\n<\/p><\/div>\n<div class=\"acf-fc-column acf-fc-column-2\">\n<h3><a href=\"https:\/\/www.kreischberg.at\/wp-content\/uploads\/2024\/06\/skiresort_b04_24_en.jpg\"><img loading=\"lazy\" decoding=\"async\" class=\"aligncenter wp-image-4401 size-content_medium\" src=\"https:\/\/www.kreischberg.at\/wp-content\/uploads\/2025\/06\/skiresort_b04_25_en-300x225.jpg\" alt=\"skiresort.de: Top Class: World-leading ski resort with up to 60 km of slopes.\" width=\"300\" height=\"225\" srcset=\"https:\/\/www.kreischberg.at\/wp-content\/uploads\/2025\/06\/skiresort_b04_25_en-300x225.jpg 300w, https:\/\/www.kreischberg.at\/wp-content\/uploads\/2025\/06\/skiresort_b04_25_en-107x80.jpg 107w, https:\/\/www.kreischberg.at\/wp-content\/uploads\/2025\/06\/skiresort_b04_25_en-150x113.jpg 150w, https:\/\/www.kreischberg.at\/wp-content\/uploads\/2025\/06\/skiresort_b04_25_en-200x150.jpg 200w, https:\/\/www.kreischberg.at\/wp-content\/uploads\/2025\/06\/skiresort_b04_25_en-250x188.jpg 250w, https:\/\/www.kreischberg.at\/wp-content\/uploads\/2025\/06\/skiresort_b04_25_en-350x263.jpg 350w, https:\/\/www.kreischberg.at\/wp-content\/uploads\/2025\/06\/skiresort_b04_25_en-400x300.jpg 400w, https:\/\/www.kreischberg.at\/wp-content\/uploads\/2025\/06\/skiresort_b04_25_en-412x309.jpg 412w, https:\/\/www.kreischberg.at\/wp-content\/uploads\/2025\/06\/skiresort_b04_25_en-187x140.jpg 187w, https:\/\/www.kreischberg.at\/wp-content\/uploads\/2025\/06\/skiresort_b04_25_en-438x330.jpg 438w, https:\/\/www.kreischberg.at\/wp-content\/uploads\/2025\/06\/skiresort_b04_25_en-271x203.jpg 271w, https:\/\/www.kreischberg.at\/wp-content\/uploads\/2025\/06\/skiresort_b04_25_en-420x315.jpg 420w, https:\/\/www.kreischberg.at\/wp-content\/uploads\/2025\/06\/skiresort_b04_25_en-560x420.jpg 560w, https:\/\/www.kreischberg.at\/wp-content\/uploads\/2025\/06\/skiresort_b04_25_en-270x203.jpg 270w, https:\/\/www.kreischberg.at\/wp-content\/uploads\/2025\/06\/skiresort_b04_25_en-160x120.jpg 160w, https:\/\/www.kreischberg.at\/wp-content\/uploads\/2025\/06\/skiresort_b04_25_en-550x413.jpg 550w, https:\/\/www.kreischberg.at\/wp-content\/uploads\/2025\/06\/skiresort_b04_25_en-180x135.jpg 180w, https:\/\/www.kreischberg.at\/wp-content\/uploads\/2025\/06\/skiresort_b04_25_en-340x255.jpg 340w, https:\/\/www.kreischberg.at\/wp-content\/uploads\/2025\/06\/skiresort_b04_25_en-170x128.jpg 170w, https:\/\/www.kreischberg.at\/wp-content\/uploads\/2025\/06\/skiresort_b04_25_en-100x75.jpg 100w, https:\/\/www.kreischberg.at\/wp-content\/uploads\/2025\/06\/skiresort_b04_25_en-133x100.jpg 133w, https:\/\/www.kreischberg.at\/wp-content\/uploads\/2025\/06\/skiresort_b04_25_en-173x130.jpg 173w, https:\/\/www.kreischberg.at\/wp-content\/uploads\/2025\/06\/skiresort_b04_25_en-267x200.jpg 267w, https:\/\/www.kreischberg.at\/wp-content\/uploads\/2025\/06\/skiresort_b04_25_en-533x400.jpg 533w, https:\/\/www.kreischberg.at\/wp-content\/uploads\/2025\/06\/skiresort_b04_25_en.jpg 568w\" sizes=\"auto, (max-width: 300px) 100vw, 300px\" data-lightbox-title=\"skiresort_b04_25_en\" data-lightbox-alt=\"skiresort.de: Top Class: World-leading ski resort with up to 60 km of slopes.\" data-lightbox-caption=\"\" data-lightbox-srcset=\"https:\/\/www.kreischberg.at\/wp-content\/uploads\/2025\/06\/skiresort_b04_25_en-250x188.jpg 250w, https:\/\/www.kreischberg.at\/wp-content\/uploads\/2025\/06\/skiresort_b04_25_en-300x225.jpg 300w, https:\/\/www.kreischberg.at\/wp-content\/uploads\/2025\/06\/skiresort_b04_25_en-107x80.jpg 107w, https:\/\/www.kreischberg.at\/wp-content\/uploads\/2025\/06\/skiresort_b04_25_en-150x113.jpg 150w, https:\/\/www.kreischberg.at\/wp-content\/uploads\/2025\/06\/skiresort_b04_25_en-200x150.jpg 200w, https:\/\/www.kreischberg.at\/wp-content\/uploads\/2025\/06\/skiresort_b04_25_en-350x263.jpg 350w, https:\/\/www.kreischberg.at\/wp-content\/uploads\/2025\/06\/skiresort_b04_25_en-400x300.jpg 400w, https:\/\/www.kreischberg.at\/wp-content\/uploads\/2025\/06\/skiresort_b04_25_en-412x309.jpg 412w, https:\/\/www.kreischberg.at\/wp-content\/uploads\/2025\/06\/skiresort_b04_25_en-187x140.jpg 187w, https:\/\/www.kreischberg.at\/wp-content\/uploads\/2025\/06\/skiresort_b04_25_en-438x330.jpg 438w, https:\/\/www.kreischberg.at\/wp-content\/uploads\/2025\/06\/skiresort_b04_25_en-271x205.jpg 271w, https:\/\/www.kreischberg.at\/wp-content\/uploads\/2025\/06\/skiresort_b04_25_en-543x410.jpg 543w, https:\/\/www.kreischberg.at\/wp-content\/uploads\/2025\/06\/skiresort_b04_25_en-420x315.jpg 420w, https:\/\/www.kreischberg.at\/wp-content\/uploads\/2025\/06\/skiresort_b04_25_en-560x420.jpg 560w, https:\/\/www.kreischberg.at\/wp-content\/uploads\/2025\/06\/skiresort_b04_25_en-270x203.jpg 270w, https:\/\/www.kreischberg.at\/wp-content\/uploads\/2025\/06\/skiresort_b04_25_en-160x120.jpg 160w, https:\/\/www.kreischberg.at\/wp-content\/uploads\/2025\/06\/skiresort_b04_25_en-550x413.jpg 550w, https:\/\/www.kreischberg.at\/wp-content\/uploads\/2025\/06\/skiresort_b04_25_en-180x135.jpg 180w, https:\/\/www.kreischberg.at\/wp-content\/uploads\/2025\/06\/skiresort_b04_25_en-340x255.jpg 340w, https:\/\/www.kreischberg.at\/wp-content\/uploads\/2025\/06\/skiresort_b04_25_en-170x128.jpg 170w, https:\/\/www.kreischberg.at\/wp-content\/uploads\/2025\/06\/skiresort_b04_25_en-100x75.jpg 100w, https:\/\/www.kreischberg.at\/wp-content\/uploads\/2025\/06\/skiresort_b04_25_en-133x100.jpg 133w, https:\/\/www.kreischberg.at\/wp-content\/uploads\/2025\/06\/skiresort_b04_25_en-173x130.jpg 173w, https:\/\/www.kreischberg.at\/wp-content\/uploads\/2025\/06\/skiresort_b04_25_en-267x200.jpg 267w, https:\/\/www.kreischberg.at\/wp-content\/uploads\/2025\/06\/skiresort_b04_25_en-533x400.jpg 533w, https:\/\/www.kreischberg.at\/wp-content\/uploads\/2025\/06\/skiresort_b04_25_en.jpg 568w\" data-lightbox-width=\"568\" data-lightbox-height=\"426\" data-lightbox-thumb-src=\"https:\/\/www.kreischberg.at\/wp-content\/uploads\/2025\/06\/skiresort_b04_25_en-250x188.jpg\" data-lightbox-thumb-cropped=\"true\" data-lightbox-setup-ready=\"true\" \/><\/a><\/h3>\n<h2 class=\"h3\">Skiresort.de: Extraoszt\u00e1ly!<\/h2>\n<p>2025-ban a vil\u00e1g legnagyobb s\u00edter\u00fclet-tesztport\u00e1lja a Kreischberg-i s\u00edter\u00fcletet tesztgy\u0151ztesnek ismerte el \u201eExtra oszt\u00e1ly: vil\u00e1gsz\u00ednvonal\u00fa s\u00edterep 60 km-es p\u00e1lyahossz\u201d- kateg\u00f3ri\u00e1ban!<\/p>\n<p><a class=\"button\" href=\"https:\/\/www.skiresort.de\/skigebiet\/kreischberg\/testbericht\/\" target=\"_blank\" rel=\"noopener\">Tudjon meg t\u00f6bbet<\/a><\/p>\n<\/p><\/div>\n<div>\n<div>\n\t\t\t<img width=\"250\" height=\"167\" src=\"https:\/\/www.kreischberg.at\/wp-content\/uploads\/2023\/10\/Ikarus_5481-250x167.jpg\" class=\"alignleft\" alt=\"Frisch pr\u00e4parierte Piste\" decoding=\"async\" loading=\"lazy\" srcset=\"https:\/\/www.kreischberg.at\/wp-content\/uploads\/2023\/10\/Ikarus_5481-250x167.jpg 250w, https:\/\/www.kreischberg.at\/wp-content\/uploads\/2023\/10\/Ikarus_5481-300x200.jpg 300w, https:\/\/www.kreischberg.at\/wp-content\/uploads\/2023\/10\/Ikarus_5481-768x512.jpg 768w, https:\/\/www.kreischberg.at\/wp-content\/uploads\/2023\/10\/Ikarus_5481-1024x683.jpg 1024w, https:\/\/www.kreischberg.at\/wp-content\/uploads\/2023\/10\/Ikarus_5481-1536x1024.jpg 1536w, https:\/\/www.kreischberg.at\/wp-content\/uploads\/2023\/10\/Ikarus_5481-120x80.jpg 120w, https:\/\/www.kreischberg.at\/wp-content\/uploads\/2023\/10\/Ikarus_5481-150x100.jpg 150w, https:\/\/www.kreischberg.at\/wp-content\/uploads\/2023\/10\/Ikarus_5481-200x133.jpg 200w, https:\/\/www.kreischberg.at\/wp-content\/uploads\/2023\/10\/Ikarus_5481-350x233.jpg 350w, https:\/\/www.kreischberg.at\/wp-content\/uploads\/2023\/10\/Ikarus_5481-400x267.jpg 400w, https:\/\/www.kreischberg.at\/wp-content\/uploads\/2023\/10\/Ikarus_5481-800x533.jpg 800w, https:\/\/www.kreischberg.at\/wp-content\/uploads\/2023\/10\/Ikarus_5481-650x433.jpg 650w, https:\/\/www.kreischberg.at\/wp-content\/uploads\/2023\/10\/Ikarus_5481-1300x867.jpg 1300w, https:\/\/www.kreischberg.at\/wp-content\/uploads\/2023\/10\/Ikarus_5481-412x275.jpg 412w, https:\/\/www.kreischberg.at\/wp-content\/uploads\/2023\/10\/Ikarus_5481-113x75.jpg 113w, https:\/\/www.kreischberg.at\/wp-content\/uploads\/2023\/10\/Ikarus_5481-195x130.jpg 195w, https:\/\/www.kreischberg.at\/wp-content\/uploads\/2023\/10\/Ikarus_5481-450x300.jpg 450w, https:\/\/www.kreischberg.at\/wp-content\/uploads\/2023\/10\/Ikarus_5481-600x400.jpg 600w, https:\/\/www.kreischberg.at\/wp-content\/uploads\/2023\/10\/Ikarus_5481-210x140.jpg 210w, https:\/\/www.kreischberg.at\/wp-content\/uploads\/2023\/10\/Ikarus_5481-438x292.jpg 438w, https:\/\/www.kreischberg.at\/wp-content\/uploads\/2023\/10\/Ikarus_5481-645x430.jpg 645w, https:\/\/www.kreischberg.at\/wp-content\/uploads\/2023\/10\/Ikarus_5481-960x640.jpg 960w, https:\/\/www.kreischberg.at\/wp-content\/uploads\/2023\/10\/Ikarus_5481-271x181.jpg 271w, https:\/\/www.kreischberg.at\/wp-content\/uploads\/2023\/10\/Ikarus_5481-420x280.jpg 420w, https:\/\/www.kreischberg.at\/wp-content\/uploads\/2023\/10\/Ikarus_5481-1010x673.jpg 1010w, https:\/\/www.kreischberg.at\/wp-content\/uploads\/2023\/10\/Ikarus_5481-1350x900.jpg 1350w, https:\/\/www.kreischberg.at\/wp-content\/uploads\/2023\/10\/Ikarus_5481-690x460.jpg 690w, https:\/\/www.kreischberg.at\/wp-content\/uploads\/2023\/10\/Ikarus_5481-910x607.jpg 910w, https:\/\/www.kreischberg.at\/wp-content\/uploads\/2023\/10\/Ikarus_5481-560x373.jpg 560w, https:\/\/www.kreischberg.at\/wp-content\/uploads\/2023\/10\/Ikarus_5481-1000x667.jpg 1000w, https:\/\/www.kreischberg.at\/wp-content\/uploads\/2023\/10\/Ikarus_5481-660x440.jpg 660w, https:\/\/www.kreischberg.at\/wp-content\/uploads\/2023\/10\/Ikarus_5481-490x327.jpg 490w, https:\/\/www.kreischberg.at\/wp-content\/uploads\/2023\/10\/Ikarus_5481-380x254.jpg 380w, https:\/\/www.kreischberg.at\/wp-content\/uploads\/2023\/10\/Ikarus_5481-1370x914.jpg 1370w, https:\/\/www.kreischberg.at\/wp-content\/uploads\/2023\/10\/Ikarus_5481-670x447.jpg 670w, https:\/\/www.kreischberg.at\/wp-content\/uploads\/2023\/10\/Ikarus_5481-440x294.jpg 440w, https:\/\/www.kreischberg.at\/wp-content\/uploads\/2023\/10\/Ikarus_5481-320x214.jpg 320w, https:\/\/www.kreischberg.at\/wp-content\/uploads\/2023\/10\/Ikarus_5481-840x560.jpg 840w, https:\/\/www.kreischberg.at\/wp-content\/uploads\/2023\/10\/Ikarus_5481-410x274.jpg 410w, https:\/\/www.kreischberg.at\/wp-content\/uploads\/2023\/10\/Ikarus_5481-260x174.jpg 260w, https:\/\/www.kreischberg.at\/wp-content\/uploads\/2023\/10\/Ikarus_5481-190x127.jpg 190w, https:\/\/www.kreischberg.at\/wp-content\/uploads\/2023\/10\/Ikarus_5481.jpg 1920w\" sizes=\"auto, (max-width: 250px) 100vw, 250px\" data-lightbox-title=\"Ikarus_5481\" data-lightbox-alt=\"Frisch pr\u00e4parierte Piste\" data-lightbox-caption=\"\" data-lightbox-srcset=\"https:\/\/www.kreischberg.at\/wp-content\/uploads\/2023\/10\/Ikarus_5481-250x167.jpg 250w, https:\/\/www.kreischberg.at\/wp-content\/uploads\/2023\/10\/Ikarus_5481-300x200.jpg 300w, https:\/\/www.kreischberg.at\/wp-content\/uploads\/2023\/10\/Ikarus_5481-768x512.jpg 768w, https:\/\/www.kreischberg.at\/wp-content\/uploads\/2023\/10\/Ikarus_5481-1024x683.jpg 1024w, https:\/\/www.kreischberg.at\/wp-content\/uploads\/2023\/10\/Ikarus_5481-1536x1024.jpg 1536w, https:\/\/www.kreischberg.at\/wp-content\/uploads\/2023\/10\/Ikarus_5481-120x80.jpg 120w, https:\/\/www.kreischberg.at\/wp-content\/uploads\/2023\/10\/Ikarus_5481-150x100.jpg 150w, https:\/\/www.kreischberg.at\/wp-content\/uploads\/2023\/10\/Ikarus_5481-200x133.jpg 200w, https:\/\/www.kreischberg.at\/wp-content\/uploads\/2023\/10\/Ikarus_5481-350x233.jpg 350w, https:\/\/www.kreischberg.at\/wp-content\/uploads\/2023\/10\/Ikarus_5481-400x267.jpg 400w, https:\/\/www.kreischberg.at\/wp-content\/uploads\/2023\/10\/Ikarus_5481-800x533.jpg 800w, https:\/\/www.kreischberg.at\/wp-content\/uploads\/2023\/10\/Ikarus_5481-650x433.jpg 650w, https:\/\/www.kreischberg.at\/wp-content\/uploads\/2023\/10\/Ikarus_5481-1300x867.jpg 1300w, https:\/\/www.kreischberg.at\/wp-content\/uploads\/2023\/10\/Ikarus_5481-412x275.jpg 412w, https:\/\/www.kreischberg.at\/wp-content\/uploads\/2023\/10\/Ikarus_5481-113x75.jpg 113w, https:\/\/www.kreischberg.at\/wp-content\/uploads\/2023\/10\/Ikarus_5481-195x130.jpg 195w, https:\/\/www.kreischberg.at\/wp-content\/uploads\/2023\/10\/Ikarus_5481-450x300.jpg 450w, https:\/\/www.kreischberg.at\/wp-content\/uploads\/2023\/10\/Ikarus_5481-600x400.jpg 600w, https:\/\/www.kreischberg.at\/wp-content\/uploads\/2023\/10\/Ikarus_5481-210x140.jpg 210w, https:\/\/www.kreischberg.at\/wp-content\/uploads\/2023\/10\/Ikarus_5481-438x292.jpg 438w, https:\/\/www.kreischberg.at\/wp-content\/uploads\/2023\/10\/Ikarus_5481-645x430.jpg 645w, https:\/\/www.kreischberg.at\/wp-content\/uploads\/2023\/10\/Ikarus_5481-960x640.jpg 960w, https:\/\/www.kreischberg.at\/wp-content\/uploads\/2023\/10\/Ikarus_5481-271x181.jpg 271w, https:\/\/www.kreischberg.at\/wp-content\/uploads\/2023\/10\/Ikarus_5481-420x280.jpg 420w, https:\/\/www.kreischberg.at\/wp-content\/uploads\/2023\/10\/Ikarus_5481-1010x673.jpg 1010w, https:\/\/www.kreischberg.at\/wp-content\/uploads\/2023\/10\/Ikarus_5481-1350x900.jpg 1350w, https:\/\/www.kreischberg.at\/wp-content\/uploads\/2023\/10\/Ikarus_5481-690x460.jpg 690w, https:\/\/www.kreischberg.at\/wp-content\/uploads\/2023\/10\/Ikarus_5481-910x607.jpg 910w, https:\/\/www.kreischberg.at\/wp-content\/uploads\/2023\/10\/Ikarus_5481-560x373.jpg 560w, https:\/\/www.kreischberg.at\/wp-content\/uploads\/2023\/10\/Ikarus_5481-1000x667.jpg 1000w, https:\/\/www.kreischberg.at\/wp-content\/uploads\/2023\/10\/Ikarus_5481-660x440.jpg 660w, https:\/\/www.kreischberg.at\/wp-content\/uploads\/2023\/10\/Ikarus_5481-490x327.jpg 490w, https:\/\/www.kreischberg.at\/wp-content\/uploads\/2023\/10\/Ikarus_5481-380x254.jpg 380w, https:\/\/www.kreischberg.at\/wp-content\/uploads\/2023\/10\/Ikarus_5481-1370x914.jpg 1370w, https:\/\/www.kreischberg.at\/wp-content\/uploads\/2023\/10\/Ikarus_5481-670x447.jpg 670w, https:\/\/www.kreischberg.at\/wp-content\/uploads\/2023\/10\/Ikarus_5481-440x294.jpg 440w, https:\/\/www.kreischberg.at\/wp-content\/uploads\/2023\/10\/Ikarus_5481-320x214.jpg 320w, https:\/\/www.kreischberg.at\/wp-content\/uploads\/2023\/10\/Ikarus_5481-840x560.jpg 840w, https:\/\/www.kreischberg.at\/wp-content\/uploads\/2023\/10\/Ikarus_5481-410x274.jpg 410w, https:\/\/www.kreischberg.at\/wp-content\/uploads\/2023\/10\/Ikarus_5481-260x174.jpg 260w, https:\/\/www.kreischberg.at\/wp-content\/uploads\/2023\/10\/Ikarus_5481-190x127.jpg 190w, https:\/\/www.kreischberg.at\/wp-content\/uploads\/2023\/10\/Ikarus_5481.jpg 1920w\" data-lightbox-width=\"1920\" data-lightbox-height=\"1280\" data-lightbox-thumb-src=\"https:\/\/www.kreischberg.at\/wp-content\/uploads\/2023\/10\/Ikarus_5481-250x167.jpg\" data-lightbox-thumb-cropped=\"true\" data-lightbox-setup-ready=\"true\" \/>\t\t\t<\/p>\n<h2>P\u00e1ly\u00e1k karbantart\u00e1sa<\/h2>\n<p>A t\u00f6k\u00e9letes s\u00edel\u00e9s elengedhetetlen felt\u00e9tele a min\u0151s\u00e9gi h\u00f3k\u00e9sz\u00edt\u00e9s \u00e9s a p\u00e1ly\u00e1k megfelel\u0151 karbantart\u00e1sa.<\/p>\n<p>Ez\u00e9rt a min\u0151s\u00e9g\u00e9rt Kreischberg rendszeresen megkapja a legmagasabb d\u00edjakat, mint p\u00e9ld\u00e1ul a nemzetk\u00f6zi Ski-Area-teszten vagy a \u201eskiresort.de\u201c<br \/>\nmin\u0151s\u00edt\u0151 port\u00e1lt\u00f3l.<\/p>\n<p>A technikai k\u00f6vetelm\u00e9nyek mellett &#8211; a korszer\u0171 h\u00f3k\u00e9sz\u00edt\u0151 berendez\u00e9seken \u00e9s p\u00e1lyag\u00e9peken t\u00fal &#8211; sz\u00fcks\u00e9g van egy olyan csapatra, aki elegend\u0151 tapasztalattal, szak\u00e9rtelemmel \u00e9s szenved\u00e9llyel t\u00f6k\u00e9letes k\u00f6r\u00fclm\u00e9nyeket \u00e9s ez\u00e1ltal el\u00e9gedett vend\u00e9geket biztos\u00edt minden nap. M\u00e9lt\u00e1n vagyunk b\u00fcszk\u00e9k erre a csapatra!<\/p>\n<\/p><\/div>\n<\/p><\/div>\n","protected":false},"excerpt":{"rendered":"<p>Els\u0151rang\u00fa p\u00e1ly\u00e1k #FeelsLikeKreischberg Kreischberg lejt\u0151i a kezd\u0151 \u00e9s halad\u00f3 s\u00edel\u0151k sz\u00e1m\u00e1ra egyar\u00e1nt kih\u00edv\u00e1st jelentenek. A modern felvon\u00f3k biztos\u00edtj\u00e1k a p\u00e1ly\u00e1k z\u00f6kken\u0151mentes el\u00e9r\u00e9s\u00e9t. A k\u00f6rnyez\u0151 hegyi panor\u00e1ma egyszer\u0171en l\u00e9legzetel\u00e1ll\u00edt\u00f3. A p\u00e1ly\u00e1k ment\u00e9n sz\u00e1mos lehet\u0151s\u00e9g van a felfriss\u00fcl\u00e9sre. \u00d6sszesen 42 km-nyi els\u0151 oszt\u00e1ly\u00fa s\u00edp\u00e1lya, 13 felvon\u00f3 \u00e9s lift tal\u00e1lhat\u00f3 itt, valamint a jobb t\u00e1j\u00e9koz\u00f3d\u00e1s \u00e9rdek\u00e9ben a pontos [&hellip;]<\/p>\n","protected":false},"author":1,"featured_media":92,"parent":0,"menu_order":0,"comment_status":"closed","ping_status":"closed","template":"","meta":{"_acf_changed":false,"footnotes":""},"class_list":["post-2648","page","type-page","status-publish","has-post-thumbnail","hentry"],"acf":[],"_links":{"self":[{"href":"https:\/\/www.kreischberg.at\/hu\/wp-json\/wp\/v2\/pages\/2648","targetHints":{"allow":["GET"]}}],"collection":[{"href":"https:\/\/www.kreischberg.at\/hu\/wp-json\/wp\/v2\/pages"}],"about":[{"href":"https:\/\/www.kreischberg.at\/hu\/wp-json\/wp\/v2\/types\/page"}],"author":[{"embeddable":true,"href":"https:\/\/www.kreischberg.at\/hu\/wp-json\/wp\/v2\/users\/1"}],"replies":[{"embeddable":true,"href":"https:\/\/www.kreischberg.at\/hu\/wp-json\/wp\/v2\/comments?post=2648"}],"version-history":[{"count":10,"href":"https:\/\/www.kreischberg.at\/hu\/wp-json\/wp\/v2\/pages\/2648\/revisions"}],"predecessor-version":[{"id":4654,"href":"https:\/\/www.kreischberg.at\/hu\/wp-json\/wp\/v2\/pages\/2648\/revisions\/4654"}],"wp:featuredmedia":[{"embeddable":true,"href":"https:\/\/www.kreischberg.at\/hu\/wp-json\/wp\/v2\/media\/92"}],"wp:attachment":[{"href":"https:\/\/www.kreischberg.at\/hu\/wp-json\/wp\/v2\/media?parent=2648"}],"curies":[{"name":"wp","href":"https:\/\/api.w.org\/{rel}","templated":true}]}}