{"id":2257,"date":"2019-11-25T18:14:58","date_gmt":"2019-11-25T17:14:58","guid":{"rendered":"https:\/\/www.kreischberg.at\/startseite\/"},"modified":"2026-04-07T09:52:38","modified_gmt":"2026-04-07T07:52:38","slug":"teli","status":"publish","type":"page","link":"https:\/\/www.kreischberg.at\/hu\/teli\/","title":{"rendered":"Startoldal &#8211; T\u00e9li"},"content":{"rendered":"<p><a href=\"https:\/\/www.kreischberg.at\/hu\/szolgaltatas\/idojaras\/\">Wetter<\/a><\/p>\n<div class=\"acf-fc-column acf-fc-column-1\">\n<h1>Kreischberg:<br \/>\nVil\u00e1gsz\u00ednvonal\u00fa p\u00e1ly\u00e1k!<\/h1>\n<p>Kreischberg a r\u00e9gi\u00f3 legnagyobb \u00e9s legmodernebb s\u00edk\u00f6zpontja, 42 km els\u0151oszt\u00e1ly\u00fa, h\u00f3biztos s\u00edp\u00e1ly\u00e1val, valamint 13 felvon\u00f3val \u00e9s lifttel. A carving \u00e9s a snowbord igaz\u00e1n sz\u00f3rakoztat\u00f3 Kreischbergben minden nap m\u00e1r reggel 8:30-t\u00f3l!<\/p>\n<p>&nbsp;<\/p>\n<p>&nbsp;<\/p>\n<\/p><\/div>\n<div class=\"acf-fc-column acf-fc-column-1\">\n<div class=\"video-container\"><iframe loading=\"lazy\" title=\"Flyingcam Kreischberg\" width=\"1300\" height=\"731\" src=\"https:\/\/www.youtube.com\/embed\/QzCPeDHqQi8?feature=oembed&amp;rel=0&amp;showinfo=0\" frameborder=\"0\" allow=\"accelerometer; autoplay; clipboard-write; encrypted-media; gyroscope; picture-in-picture; web-share\" allowfullscreen><\/iframe><\/div>\n<\/p><\/div>\n<div class=\"acf-fc-column acf-fc-column-1\">\n<div class=\"video-container\"><iframe loading=\"lazy\" title=\"kreischberg   mix edit   highlight shooting 2024 Original\" width=\"1300\" height=\"731\" src=\"https:\/\/www.youtube.com\/embed\/6V7yTqhsb9Y?feature=oembed&amp;rel=0&amp;showinfo=0\" frameborder=\"0\" allow=\"accelerometer; autoplay; clipboard-write; encrypted-media; gyroscope; picture-in-picture; web-share\" allowfullscreen><\/iframe><\/div>\n<p>&nbsp;<\/p>\n<\/p><\/div>\n<div class=\"acf-fc-column acf-fc-column-2\">\n<div class=\"video-container\"><iframe loading=\"lazy\" title=\"Anna Gasser am Kreischberg\" width=\"1300\" height=\"731\" src=\"https:\/\/www.youtube.com\/embed\/w0am2fnkQDw?feature=oembed&amp;rel=0&amp;showinfo=0\" frameborder=\"0\" allow=\"accelerometer; autoplay; clipboard-write; encrypted-media; gyroscope; picture-in-picture; web-share\" allowfullscreen><\/iframe><\/div>\n<p>&nbsp;<\/p>\n<\/p><\/div>\n<div class=\"acf-fc-column acf-fc-column-1\">\n<h2>#kreischenvorwinterspa\u00df<\/h2>\n<\/p><\/div>\n<div class=\"acf-fc-column acf-fc-column-1\">\n<h2>Itt mindig t\u00f6rt\u00e9nik valami: Esem\u00e9nyek &amp; Id\u0151pontok Kreisch\u00adbergen<\/h2>\n<\/p><\/div>\n<p><a href=\"https:\/\/www.kreischberg.at\/hu\/events\/\">Events&nbsp;<i class=\"custom-icon-right-open-big\"><\/i><\/a><\/p>\n<div>\n<div>\n\t\t\t<img width=\"250\" height=\"109\" src=\"https:\/\/www.kreischberg.at\/wp-content\/uploads\/2023\/09\/Header_0002_hero2022_3-250x109.jpg?ver=20230928170014\" class=\"alignleft\" alt=\"10er-Gondel Kreischberg\" decoding=\"async\" loading=\"lazy\" srcset=\"https:\/\/www.kreischberg.at\/wp-content\/uploads\/2023\/09\/Header_0002_hero2022_3-250x109.jpg?ver=20230928170014 250w, https:\/\/www.kreischberg.at\/wp-content\/uploads\/2023\/09\/Header_0002_hero2022_3-150x66.jpg?ver=20230928170014 150w, https:\/\/www.kreischberg.at\/wp-content\/uploads\/2023\/09\/Header_0002_hero2022_3-300x131.jpg?ver=20230928170014 300w, https:\/\/www.kreischberg.at\/wp-content\/uploads\/2023\/09\/Header_0002_hero2022_3-768x336.jpg?ver=20230928170014 768w, https:\/\/www.kreischberg.at\/wp-content\/uploads\/2023\/09\/Header_0002_hero2022_3-1024x448.jpg?ver=20230928170014 1024w, https:\/\/www.kreischberg.at\/wp-content\/uploads\/2023\/09\/Header_0002_hero2022_3-1536x672.jpg?ver=20230928170014 1536w, https:\/\/www.kreischberg.at\/wp-content\/uploads\/2023\/09\/Header_0002_hero2022_3-183x80.jpg?ver=20230928170014 183w, https:\/\/www.kreischberg.at\/wp-content\/uploads\/2023\/09\/Header_0002_hero2022_3-200x88.jpg?ver=20230928170014 200w, https:\/\/www.kreischberg.at\/wp-content\/uploads\/2023\/09\/Header_0002_hero2022_3-350x153.jpg?ver=20230928170014 350w, https:\/\/www.kreischberg.at\/wp-content\/uploads\/2023\/09\/Header_0002_hero2022_3-400x175.jpg?ver=20230928170014 400w, https:\/\/www.kreischberg.at\/wp-content\/uploads\/2023\/09\/Header_0002_hero2022_3-800x350.jpg?ver=20230928170014 800w, https:\/\/www.kreischberg.at\/wp-content\/uploads\/2023\/09\/Header_0002_hero2022_3-650x284.jpg?ver=20230928170014 650w, https:\/\/www.kreischberg.at\/wp-content\/uploads\/2023\/09\/Header_0002_hero2022_3-1300x569.jpg?ver=20230928170014 1300w, https:\/\/www.kreischberg.at\/wp-content\/uploads\/2023\/09\/Header_0002_hero2022_3-412x180.jpg?ver=20230928170014 412w, https:\/\/www.kreischberg.at\/wp-content\/uploads\/2023\/09\/Header_0002_hero2022_3-320x140.jpg?ver=20230928170014 320w, https:\/\/www.kreischberg.at\/wp-content\/uploads\/2023\/09\/Header_0002_hero2022_3-438x192.jpg?ver=20230928170014 438w, https:\/\/www.kreischberg.at\/wp-content\/uploads\/2023\/09\/Header_0002_hero2022_3-645x282.jpg?ver=20230928170014 645w, https:\/\/www.kreischberg.at\/wp-content\/uploads\/2023\/09\/Header_0002_hero2022_3-271x119.jpg?ver=20230928170014 271w, https:\/\/www.kreischberg.at\/wp-content\/uploads\/2023\/09\/Header_0002_hero2022_3-420x184.jpg?ver=20230928170014 420w, https:\/\/www.kreischberg.at\/wp-content\/uploads\/2023\/09\/Header_0002_hero2022_3-1010x442.jpg?ver=20230928170014 1010w, https:\/\/www.kreischberg.at\/wp-content\/uploads\/2023\/09\/Header_0002_hero2022_3-1350x591.jpg?ver=20230928170014 1350w, https:\/\/www.kreischberg.at\/wp-content\/uploads\/2023\/09\/Header_0002_hero2022_3-690x302.jpg?ver=20230928170014 690w, https:\/\/www.kreischberg.at\/wp-content\/uploads\/2023\/09\/Header_0002_hero2022_3-910x398.jpg?ver=20230928170014 910w, https:\/\/www.kreischberg.at\/wp-content\/uploads\/2023\/09\/Header_0002_hero2022_3-560x245.jpg?ver=20230928170014 560w, https:\/\/www.kreischberg.at\/wp-content\/uploads\/2023\/09\/Header_0002_hero2022_3-171x75.jpg?ver=20230928170014 171w, https:\/\/www.kreischberg.at\/wp-content\/uploads\/2023\/09\/Header_0002_hero2022_3-229x100.jpg?ver=20230928170014 229w, https:\/\/www.kreischberg.at\/wp-content\/uploads\/2023\/09\/Header_0002_hero2022_3-297x130.jpg?ver=20230928170014 297w, https:\/\/www.kreischberg.at\/wp-content\/uploads\/2023\/09\/Header_0002_hero2022_3-457x200.jpg?ver=20230928170014 457w, https:\/\/www.kreischberg.at\/wp-content\/uploads\/2023\/09\/Header_0002_hero2022_3-686x300.jpg?ver=20230928170014 686w, https:\/\/www.kreischberg.at\/wp-content\/uploads\/2023\/09\/Header_0002_hero2022_3-914x400.jpg?ver=20230928170014 914w, https:\/\/www.kreischberg.at\/wp-content\/uploads\/2023\/09\/Header_0002_hero2022_3.jpg?ver=20230928170014 1600w\" sizes=\"auto, (max-width: 250px) 100vw, 250px\" data-lightbox-title=\"10er-Gondel Kreischberg\" data-lightbox-alt=\"10er-Gondel Kreischberg\" data-lightbox-caption=\"\" data-lightbox-srcset=\"https:\/\/www.kreischberg.at\/wp-content\/uploads\/2023\/09\/Header_0002_hero2022_3-250x109.jpg 250w, https:\/\/www.kreischberg.at\/wp-content\/uploads\/2023\/09\/Header_0002_hero2022_3-150x66.jpg 150w, https:\/\/www.kreischberg.at\/wp-content\/uploads\/2023\/09\/Header_0002_hero2022_3-300x131.jpg 300w, https:\/\/www.kreischberg.at\/wp-content\/uploads\/2023\/09\/Header_0002_hero2022_3-768x336.jpg 768w, https:\/\/www.kreischberg.at\/wp-content\/uploads\/2023\/09\/Header_0002_hero2022_3-1024x448.jpg 1024w, https:\/\/www.kreischberg.at\/wp-content\/uploads\/2023\/09\/Header_0002_hero2022_3-1536x672.jpg 1536w, https:\/\/www.kreischberg.at\/wp-content\/uploads\/2023\/09\/Header_0002_hero2022_3-183x80.jpg 183w, https:\/\/www.kreischberg.at\/wp-content\/uploads\/2023\/09\/Header_0002_hero2022_3-200x88.jpg 200w, https:\/\/www.kreischberg.at\/wp-content\/uploads\/2023\/09\/Header_0002_hero2022_3-350x153.jpg 350w, https:\/\/www.kreischberg.at\/wp-content\/uploads\/2023\/09\/Header_0002_hero2022_3-400x175.jpg 400w, https:\/\/www.kreischberg.at\/wp-content\/uploads\/2023\/09\/Header_0002_hero2022_3-800x350.jpg 800w, https:\/\/www.kreischberg.at\/wp-content\/uploads\/2023\/09\/Header_0002_hero2022_3-650x284.jpg 650w, https:\/\/www.kreischberg.at\/wp-content\/uploads\/2023\/09\/Header_0002_hero2022_3-1300x569.jpg 1300w, https:\/\/www.kreischberg.at\/wp-content\/uploads\/2023\/09\/Header_0002_hero2022_3-412x180.jpg 412w, https:\/\/www.kreischberg.at\/wp-content\/uploads\/2023\/09\/Header_0002_hero2022_3-320x140.jpg 320w, https:\/\/www.kreischberg.at\/wp-content\/uploads\/2023\/09\/Header_0002_hero2022_3-438x192.jpg 438w, https:\/\/www.kreischberg.at\/wp-content\/uploads\/2023\/09\/Header_0002_hero2022_3-645x282.jpg 645w, https:\/\/www.kreischberg.at\/wp-content\/uploads\/2023\/09\/Header_0002_hero2022_3-271x119.jpg 271w, https:\/\/www.kreischberg.at\/wp-content\/uploads\/2023\/09\/Header_0002_hero2022_3-420x184.jpg 420w, https:\/\/www.kreischberg.at\/wp-content\/uploads\/2023\/09\/Header_0002_hero2022_3-1010x442.jpg 1010w, https:\/\/www.kreischberg.at\/wp-content\/uploads\/2023\/09\/Header_0002_hero2022_3-1350x591.jpg 1350w, https:\/\/www.kreischberg.at\/wp-content\/uploads\/2023\/09\/Header_0002_hero2022_3-690x302.jpg 690w, https:\/\/www.kreischberg.at\/wp-content\/uploads\/2023\/09\/Header_0002_hero2022_3-910x398.jpg 910w, https:\/\/www.kreischberg.at\/wp-content\/uploads\/2023\/09\/Header_0002_hero2022_3-560x245.jpg 560w, https:\/\/www.kreischberg.at\/wp-content\/uploads\/2023\/09\/Header_0002_hero2022_3-171x75.jpg 171w, https:\/\/www.kreischberg.at\/wp-content\/uploads\/2023\/09\/Header_0002_hero2022_3-229x100.jpg 229w, https:\/\/www.kreischberg.at\/wp-content\/uploads\/2023\/09\/Header_0002_hero2022_3-297x130.jpg 297w, https:\/\/www.kreischberg.at\/wp-content\/uploads\/2023\/09\/Header_0002_hero2022_3-457x200.jpg 457w, https:\/\/www.kreischberg.at\/wp-content\/uploads\/2023\/09\/Header_0002_hero2022_3-686x300.jpg 686w, https:\/\/www.kreischberg.at\/wp-content\/uploads\/2023\/09\/Header_0002_hero2022_3-914x400.jpg 914w, https:\/\/www.kreischberg.at\/wp-content\/uploads\/2023\/09\/Header_0002_hero2022_3.jpg 1600w\" data-lightbox-width=\"1600\" data-lightbox-height=\"700\" data-lightbox-thumb-src=\"https:\/\/www.kreischberg.at\/wp-content\/uploads\/2023\/09\/Header_0002_hero2022_3-250x109.jpg\" data-lightbox-thumb-cropped=\"true\" data-lightbox-setup-ready=\"true\" \/>\t\t\t<\/p>\n<p class=\"h4\">Kreischberg,<br \/>\nEl\u0151nyeid a hegyen<\/p>\n<p><a href=\"https:\/\/www.kreischberg.at\/hu\/jegyek-arak\/elonyoek-vilaga\/\">Tudjon meg t\u00f6bbet<\/a><\/p>\n<\/p><\/div>\n<\/p><\/div>\n<div class=\"acf-fc-column acf-fc-column-1\">\n<h2>Mi \u00fajs\u00e1g Kreisch\u00adbergben?<\/h2>\n<\/p><\/div>\n<p><a href=\"https:\/\/www.kreischberg.at\/hu\/aktualis\/\">Aktuelle Beitr\u00e4ge&nbsp;<i class=\"custom-icon-right-open-big\"><\/i><\/a><\/p>\n","protected":false},"excerpt":{"rendered":"<p>Wetter Kreischberg: Vil\u00e1gsz\u00ednvonal\u00fa p\u00e1ly\u00e1k! Kreischberg a r\u00e9gi\u00f3 legnagyobb \u00e9s legmodernebb s\u00edk\u00f6zpontja, 42 km els\u0151oszt\u00e1ly\u00fa, h\u00f3biztos s\u00edp\u00e1ly\u00e1val, valamint 13 felvon\u00f3val \u00e9s lifttel. A carving \u00e9s a snowbord igaz\u00e1n sz\u00f3rakoztat\u00f3 Kreischbergben minden nap m\u00e1r reggel 8:30-t\u00f3l! &nbsp; &nbsp; &nbsp; &nbsp; #kreischenvorwinterspa\u00df Itt mindig t\u00f6rt\u00e9nik valami: Esem\u00e9nyek &amp; Id\u0151pontok Kreisch\u00adbergen Events&nbsp; Kreischberg, El\u0151nyeid a hegyen Tudjon meg t\u00f6bbet [&hellip;]<\/p>\n","protected":false},"author":1,"featured_media":92,"parent":0,"menu_order":0,"comment_status":"closed","ping_status":"closed","template":"","meta":{"_acf_changed":false,"footnotes":""},"class_list":["post-2257","page","type-page","status-publish","has-post-thumbnail","hentry"],"acf":[],"_links":{"self":[{"href":"https:\/\/www.kreischberg.at\/hu\/wp-json\/wp\/v2\/pages\/2257","targetHints":{"allow":["GET"]}}],"collection":[{"href":"https:\/\/www.kreischberg.at\/hu\/wp-json\/wp\/v2\/pages"}],"about":[{"href":"https:\/\/www.kreischberg.at\/hu\/wp-json\/wp\/v2\/types\/page"}],"author":[{"embeddable":true,"href":"https:\/\/www.kreischberg.at\/hu\/wp-json\/wp\/v2\/users\/1"}],"replies":[{"embeddable":true,"href":"https:\/\/www.kreischberg.at\/hu\/wp-json\/wp\/v2\/comments?post=2257"}],"version-history":[{"count":16,"href":"https:\/\/www.kreischberg.at\/hu\/wp-json\/wp\/v2\/pages\/2257\/revisions"}],"predecessor-version":[{"id":5078,"href":"https:\/\/www.kreischberg.at\/hu\/wp-json\/wp\/v2\/pages\/2257\/revisions\/5078"}],"wp:featuredmedia":[{"embeddable":true,"href":"https:\/\/www.kreischberg.at\/hu\/wp-json\/wp\/v2\/media\/92"}],"wp:attachment":[{"href":"https:\/\/www.kreischberg.at\/hu\/wp-json\/wp\/v2\/media?parent=2257"}],"curies":[{"name":"wp","href":"https:\/\/api.w.org\/{rel}","templated":true}]}}