{"id":2461,"date":"2023-09-25T10:15:09","date_gmt":"2023-09-25T08:15:09","guid":{"rendered":"https:\/\/www.kreischberg.at\/tickets-preise\/mur-muerz-top-skipass\/"},"modified":"2025-10-02T14:05:16","modified_gmt":"2025-10-02T12:05:16","slug":"mur-muerz-top-skipass","status":"publish","type":"page","link":"https:\/\/www.kreischberg.at\/en\/tickets-prices\/mur-muerz-top-skipass\/","title":{"rendered":"Mur-M\u00fcrz Top-Skipass"},"content":{"rendered":"<div class=\"acf-fc-column acf-fc-column-1\">\n<h1>Mur-M\u00fcrz Top-Skipass<\/h1>\n<p class=\"h6\">valid for Turracher H\u00f6he, Kreischberg, Grebenzen, Lachtal, Krakau, Gaal, Obdach, Kleinlobming, Klippitzt\u00f6rl, Salzstiegl, Pr\u00e4bichl, Turnau, Mariazeller B\u00fcrgeralpe, Hohe Veitsch, Stuhleck<\/p>\n<p>For further details see <a href=\"http:\/\/www.skiberge.at\" target=\"_blank\" rel=\"noopener\">www.skiberge.at<\/a><\/p>\n<\/p><\/div>\n","protected":false},"excerpt":{"rendered":"<p>Mur-M\u00fcrz Top-Skipass valid for Turracher H\u00f6he, Kreischberg, Grebenzen, Lachtal, Krakau, Gaal, Obdach, Kleinlobming, Klippitzt\u00f6rl, Salzstiegl, Pr\u00e4bichl, Turnau, Mariazeller B\u00fcrgeralpe, Hohe Veitsch, Stuhleck For further details see www.skiberge.at<\/p>\n","protected":false},"author":3,"featured_media":0,"parent":2361,"menu_order":0,"comment_status":"closed","ping_status":"closed","template":"","meta":{"_acf_changed":false,"footnotes":""},"class_list":["post-2461","page","type-page","status-publish","hentry"],"acf":[],"_links":{"self":[{"href":"https:\/\/www.kreischberg.at\/en\/wp-json\/wp\/v2\/pages\/2461","targetHints":{"allow":["GET"]}}],"collection":[{"href":"https:\/\/www.kreischberg.at\/en\/wp-json\/wp\/v2\/pages"}],"about":[{"href":"https:\/\/www.kreischberg.at\/en\/wp-json\/wp\/v2\/types\/page"}],"author":[{"embeddable":true,"href":"https:\/\/www.kreischberg.at\/en\/wp-json\/wp\/v2\/users\/3"}],"replies":[{"embeddable":true,"href":"https:\/\/www.kreischberg.at\/en\/wp-json\/wp\/v2\/comments?post=2461"}],"version-history":[{"count":2,"href":"https:\/\/www.kreischberg.at\/en\/wp-json\/wp\/v2\/pages\/2461\/revisions"}],"predecessor-version":[{"id":4611,"href":"https:\/\/www.kreischberg.at\/en\/wp-json\/wp\/v2\/pages\/2461\/revisions\/4611"}],"up":[{"embeddable":true,"href":"https:\/\/www.kreischberg.at\/en\/wp-json\/wp\/v2\/pages\/2361"}],"wp:attachment":[{"href":"https:\/\/www.kreischberg.at\/en\/wp-json\/wp\/v2\/media?parent=2461"}],"curies":[{"name":"wp","href":"https:\/\/api.w.org\/{rel}","templated":true}]}}